{"id":442,"date":"2023-10-30T19:49:25","date_gmt":"2023-10-30T18:49:25","guid":{"rendered":"https:\/\/iteadjoseph.com\/?page_id=442"},"modified":"2024-03-10T08:52:31","modified_gmt":"2024-03-10T07:52:31","slug":"der-hl-joseph-in-der-literatur","status":"publish","type":"page","link":"https:\/\/iteadjoseph.com\/es\/der-hl-joseph-in-der-literatur\/","title":{"rendered":"Der Hl. Joseph in Kunst, Literatur &#038; Film"},"content":{"rendered":"<div class=\"wp-block-group alignwide has-global-padding is-layout-constrained wp-container-core-group-is-layout-86fefda5 wp-block-group-is-layout-constrained\" style=\"padding-top:var(--wp--preset--spacing--x-large);padding-bottom:var(--wp--preset--spacing--x-large)\">\n<div class=\"wp-block-query alignwide is-layout-flow wp-block-query-is-layout-flow\"><ul class=\"alignwide wp-block-post-template is-layout-flow wp-block-post-template-is-layout-flow\"><li class=\"wp-block-post post-1662 post type-post status-publish format-standard has-post-thumbnail hentry category-art\">\n\n<div class=\"wp-block-columns are-vertically-aligned-top is-layout-flex wp-container-core-columns-is-layout-99eec67a wp-block-columns-is-layout-flex\" style=\"margin-bottom:var(--wp--preset--spacing--x-large)\">\n<div class=\"wp-block-column is-vertically-aligned-top is-layout-flow wp-block-column-is-layout-flow\"><figure style=\"height:400px;\" class=\"wp-block-post-featured-image\"><a href=\"https:\/\/iteadjoseph.com\/es\/ite-ad-joseph-giuseppe-rollini-1893\/\" target=\"_self\"  style=\"height:400px\"><img loading=\"lazy\" decoding=\"async\" width=\"985\" height=\"862\" src=\"https:\/\/iteadjoseph.com\/wp-content\/uploads\/2024\/02\/Ite_ad_Joseph_Foto@2000-Ausschnitt-Kunstbeitrag.jpg\" class=\"attachment-post-thumbnail size-post-thumbnail wp-post-image\" alt=\"Ite ad Joseph (Giuseppe Rollini, 1893)\" style=\"border-radius:8px;height:400px;object-fit:cover;\" srcset=\"https:\/\/iteadjoseph.com\/wp-content\/uploads\/2024\/02\/Ite_ad_Joseph_Foto@2000-Ausschnitt-Kunstbeitrag.jpg 985w, https:\/\/iteadjoseph.com\/wp-content\/uploads\/2024\/02\/Ite_ad_Joseph_Foto@2000-Ausschnitt-Kunstbeitrag-300x263.jpg 300w, https:\/\/iteadjoseph.com\/wp-content\/uploads\/2024\/02\/Ite_ad_Joseph_Foto@2000-Ausschnitt-Kunstbeitrag-768x672.jpg 768w, https:\/\/iteadjoseph.com\/wp-content\/uploads\/2024\/02\/Ite_ad_Joseph_Foto@2000-Ausschnitt-Kunstbeitrag-14x12.jpg 14w\" sizes=\"auto, (max-width: 985px) 100vw, 985px\" \/><\/a><\/figure><\/div>\n\n\n\n<div class=\"wp-block-column is-vertically-aligned-top is-layout-flow wp-container-core-column-is-layout-c39a6912 wp-block-column-is-layout-flow\"><div style=\"font-style:normal;font-weight:500\" class=\"taxonomy-category is-style-swt-post-terms-pill wp-block-post-terms\"><a href=\"https:\/\/iteadjoseph.com\/es\/category\/art\/\" rel=\"tag\">Kunst<\/a><\/div>\n\n<h3 style=\"margin-top:var(--wp--preset--spacing--x-small);\" class=\"wp-block-post-title\"><a href=\"https:\/\/iteadjoseph.com\/es\/ite-ad-joseph-giuseppe-rollini-1893\/\" target=\"_self\" >Ite ad Joseph (Giuseppe Rollini, 1893)<\/a><\/h3>\n\n<div class=\"wp-block-post-excerpt\"><p class=\"wp-block-post-excerpt__excerpt\">Dieses meisterhafte Gem\u00e4lde, das wir als Mottobild f\u00fcr unsere Webseite gew\u00e4hlt haben, wurde 1893 von Giuseppe Rollini (1842-1904) f\u00fcr den Josephsaltar der zwischen 1880 und 1887 erbauten Kirche Sacro Cuore di Ges\u00f9 a Castro Pretorio in Rom angefertigt. Die Kirche wurde mit ma\u00dfgeblicher Unterst\u00fctzung des hl. Don Bosco erbaut und ist bis heute das r\u00f6mische<\/p><p class=\"wp-block-post-excerpt__more-text\"><a class=\"wp-block-post-excerpt__more-link\" href=\"https:\/\/iteadjoseph.com\/es\/ite-ad-joseph-giuseppe-rollini-1893\/\">Mehr lesen<\/a><\/p><\/div><\/div>\n<\/div>\n\n<\/li><li class=\"wp-block-post post-1594 post type-post status-publish format-standard has-post-thumbnail hentry category-movie\">\n\n<div class=\"wp-block-columns are-vertically-aligned-top is-layout-flex wp-container-core-columns-is-layout-99eec67a wp-block-columns-is-layout-flex\" style=\"margin-bottom:var(--wp--preset--spacing--x-large)\">\n<div class=\"wp-block-column is-vertically-aligned-top is-layout-flow wp-block-column-is-layout-flow\"><figure style=\"height:400px;\" class=\"wp-block-post-featured-image\"><a href=\"https:\/\/iteadjoseph.com\/es\/the-staircase-1998\/\" target=\"_self\"  style=\"height:400px\"><img loading=\"lazy\" decoding=\"async\" width=\"800\" height=\"1146\" src=\"https:\/\/iteadjoseph.com\/wp-content\/uploads\/2024\/02\/Stair-About-Us_1619826527.jpg\" class=\"attachment-post-thumbnail size-post-thumbnail wp-post-image\" alt=\"The Staircase (1998)\" style=\"border-radius:8px;height:400px;object-fit:cover;\" srcset=\"https:\/\/iteadjoseph.com\/wp-content\/uploads\/2024\/02\/Stair-About-Us_1619826527.jpg 800w, https:\/\/iteadjoseph.com\/wp-content\/uploads\/2024\/02\/Stair-About-Us_1619826527-209x300.jpg 209w, https:\/\/iteadjoseph.com\/wp-content\/uploads\/2024\/02\/Stair-About-Us_1619826527-715x1024.jpg 715w, https:\/\/iteadjoseph.com\/wp-content\/uploads\/2024\/02\/Stair-About-Us_1619826527-768x1100.jpg 768w, https:\/\/iteadjoseph.com\/wp-content\/uploads\/2024\/02\/Stair-About-Us_1619826527-8x12.jpg 8w\" sizes=\"auto, (max-width: 800px) 100vw, 800px\" \/><\/a><\/figure><\/div>\n\n\n\n<div class=\"wp-block-column is-vertically-aligned-top is-layout-flow wp-container-core-column-is-layout-c39a6912 wp-block-column-is-layout-flow\"><div style=\"font-style:normal;font-weight:500\" class=\"taxonomy-category is-style-swt-post-terms-pill wp-block-post-terms\"><a href=\"https:\/\/iteadjoseph.com\/es\/category\/movie\/\" rel=\"tag\">Film<\/a><\/div>\n\n<h3 style=\"margin-top:var(--wp--preset--spacing--x-small);\" class=\"wp-block-post-title\"><a href=\"https:\/\/iteadjoseph.com\/es\/the-staircase-1998\/\" target=\"_self\" >The Staircase (1998)<\/a><\/h3>\n\n<div class=\"wp-block-post-excerpt\"><p class=\"wp-block-post-excerpt__excerpt\">Dieser Film erz\u00e4hlt die wahre Geschichte der wunderbaren Wendeltreppe, die der hl. Joseph (in Gestalt eines mysteri\u00f6sen Fremden) in der Loretto Kapelle in Santa Fe, New Mexico, gebaut hat. Filmkritik Die Rezension dieses Films folgt in K\u00fcrze! Derzeit (19. M\u00e4rz 2024) befindet sich unsere Webseite noch im Aufbau. Abonnieren Sie gerne unseren Newsletter, um \u00fcber<\/p><p class=\"wp-block-post-excerpt__more-text\"><a class=\"wp-block-post-excerpt__more-link\" href=\"https:\/\/iteadjoseph.com\/es\/the-staircase-1998\/\">Mehr lesen<\/a><\/p><\/div><\/div>\n<\/div>\n\n<\/li><li class=\"wp-block-post post-719 post type-post status-publish format-standard has-post-thumbnail hentry category-literature\">\n\n<div class=\"wp-block-columns are-vertically-aligned-top is-layout-flex wp-container-core-columns-is-layout-99eec67a wp-block-columns-is-layout-flex\" style=\"margin-bottom:var(--wp--preset--spacing--x-large)\">\n<div class=\"wp-block-column is-vertically-aligned-top is-layout-flow wp-block-column-is-layout-flow\"><figure style=\"height:400px;\" class=\"wp-block-post-featured-image\"><a href=\"https:\/\/iteadjoseph.com\/es\/film\/\" target=\"_self\"  style=\"height:400px\"><img loading=\"lazy\" decoding=\"async\" width=\"800\" height=\"417\" src=\"https:\/\/iteadjoseph.com\/wp-content\/uploads\/2023\/12\/02_18_Jan_Dobraczynski_Erzaehlung_Nimm_das_Kind.jpg\" class=\"attachment-post-thumbnail size-post-thumbnail wp-post-image\" alt=\"Zum Joseph-Roman von Jan Dobraczy\u0144ski\" style=\"border-radius:8px;height:400px;object-fit:cover;\" srcset=\"https:\/\/iteadjoseph.com\/wp-content\/uploads\/2023\/12\/02_18_Jan_Dobraczynski_Erzaehlung_Nimm_das_Kind.jpg 800w, https:\/\/iteadjoseph.com\/wp-content\/uploads\/2023\/12\/02_18_Jan_Dobraczynski_Erzaehlung_Nimm_das_Kind-300x156.jpg 300w, https:\/\/iteadjoseph.com\/wp-content\/uploads\/2023\/12\/02_18_Jan_Dobraczynski_Erzaehlung_Nimm_das_Kind-768x400.jpg 768w\" sizes=\"auto, (max-width: 800px) 100vw, 800px\" \/><\/a><\/figure><\/div>\n\n\n\n<div class=\"wp-block-column is-vertically-aligned-top is-layout-flow wp-container-core-column-is-layout-c39a6912 wp-block-column-is-layout-flow\"><div style=\"font-style:normal;font-weight:500\" class=\"taxonomy-category is-style-swt-post-terms-pill wp-block-post-terms\"><a href=\"https:\/\/iteadjoseph.com\/es\/category\/literature\/\" rel=\"tag\">Literatur<\/a><\/div>\n\n<h3 style=\"margin-top:var(--wp--preset--spacing--x-small);\" class=\"wp-block-post-title\"><a href=\"https:\/\/iteadjoseph.com\/es\/film\/\" target=\"_self\" >Zum Joseph-Roman von Jan Dobraczy\u0144ski<\/a><\/h3>\n\n<div class=\"wp-block-post-excerpt\"><p class=\"wp-block-post-excerpt__excerpt\">Der Roman mit dem Titel \u201e\u2026nimm das Kind und seine Mutter\u201c von Jan Dobraczy\u0144ski teilt das Schicksal seines Titelhelden: Wie Joseph, der Pflegevater Jesu, wartet auch er darauf entdeckt zu werden. Und wenn der Heilige Joseph nach der Muttergottes der wirkm\u00e4chtigste Heilige bei Gott ist und wir ihn doch so wenig kennen, so kann man&hellip;<\/p><p class=\"wp-block-post-excerpt__more-text\"><a class=\"wp-block-post-excerpt__more-link\" href=\"https:\/\/iteadjoseph.com\/es\/film\/\">Mehr lesen<\/a><\/p><\/div><\/div>\n<\/div>\n\n<\/li><li class=\"wp-block-post post-2001 post type-post status-publish format-standard has-post-thumbnail hentry category-art\">\n\n<div class=\"wp-block-columns are-vertically-aligned-top is-layout-flex wp-container-core-columns-is-layout-99eec67a wp-block-columns-is-layout-flex\" style=\"margin-bottom:var(--wp--preset--spacing--x-large)\">\n<div class=\"wp-block-column is-vertically-aligned-top is-layout-flow wp-block-column-is-layout-flow\"><figure style=\"height:400px;\" class=\"wp-block-post-featured-image\"><a href=\"https:\/\/iteadjoseph.com\/es\/schrecken-der-boesen-geister-anonym-2023\/\" target=\"_self\"  style=\"height:400px\"><img loading=\"lazy\" decoding=\"async\" width=\"2560\" height=\"1572\" src=\"https:\/\/iteadjoseph.com\/wp-content\/uploads\/2024\/03\/Terror.Daemonum.ganz_Ausschnitt-fuer-Beitragsvorschau-scaled.jpg\" class=\"attachment-post-thumbnail size-post-thumbnail wp-post-image\" alt=\"Terror Daemonum (Anonym, 2023)\" style=\"border-radius:8px;height:400px;object-fit:cover;\" srcset=\"https:\/\/iteadjoseph.com\/wp-content\/uploads\/2024\/03\/Terror.Daemonum.ganz_Ausschnitt-fuer-Beitragsvorschau-scaled.jpg 2560w, https:\/\/iteadjoseph.com\/wp-content\/uploads\/2024\/03\/Terror.Daemonum.ganz_Ausschnitt-fuer-Beitragsvorschau-300x184.jpg 300w, https:\/\/iteadjoseph.com\/wp-content\/uploads\/2024\/03\/Terror.Daemonum.ganz_Ausschnitt-fuer-Beitragsvorschau-1024x629.jpg 1024w, https:\/\/iteadjoseph.com\/wp-content\/uploads\/2024\/03\/Terror.Daemonum.ganz_Ausschnitt-fuer-Beitragsvorschau-768x472.jpg 768w, https:\/\/iteadjoseph.com\/wp-content\/uploads\/2024\/03\/Terror.Daemonum.ganz_Ausschnitt-fuer-Beitragsvorschau-1536x943.jpg 1536w, https:\/\/iteadjoseph.com\/wp-content\/uploads\/2024\/03\/Terror.Daemonum.ganz_Ausschnitt-fuer-Beitragsvorschau-2048x1258.jpg 2048w, https:\/\/iteadjoseph.com\/wp-content\/uploads\/2024\/03\/Terror.Daemonum.ganz_Ausschnitt-fuer-Beitragsvorschau-18x12.jpg 18w\" sizes=\"auto, (max-width: 2560px) 100vw, 2560px\" \/><\/a><\/figure><\/div>\n\n\n\n<div class=\"wp-block-column is-vertically-aligned-top is-layout-flow wp-container-core-column-is-layout-c39a6912 wp-block-column-is-layout-flow\"><div style=\"font-style:normal;font-weight:500\" class=\"taxonomy-category is-style-swt-post-terms-pill wp-block-post-terms\"><a href=\"https:\/\/iteadjoseph.com\/es\/category\/art\/\" rel=\"tag\">Kunst<\/a><\/div>\n\n<h3 style=\"margin-top:var(--wp--preset--spacing--x-small);\" class=\"wp-block-post-title\"><a href=\"https:\/\/iteadjoseph.com\/es\/schrecken-der-boesen-geister-anonym-2023\/\" target=\"_self\" >Terror Daemonum (Anonym, 2023)<\/a><\/h3>\n\n<div class=\"wp-block-post-excerpt\"><p class=\"wp-block-post-excerpt__excerpt\">Dieses Bild wurde eigens f\u00fcr unsere Webseite angefertigt, weil wir der Meinung waren, dass bislang kein Kunstwerk vorlag, das den hl. Joseph unter seinem Titel als &#8222;Terror daemonum&#8220; bzw. &#8222;Schrecken der b\u00f6sen Geister&#8220; in \u00fcberzeugender Weise darstellt. Ideengeber, Auftraggeber und K\u00fcnstler dieses Gem\u00e4ldes bleiben wie alle Beitr\u00e4ger unserer Webseite anonym. Als gr\u00f6\u00dfter Heiliger nach der<\/p><p class=\"wp-block-post-excerpt__more-text\"><a class=\"wp-block-post-excerpt__more-link\" href=\"https:\/\/iteadjoseph.com\/es\/schrecken-der-boesen-geister-anonym-2023\/\">Mehr lesen<\/a><\/p><\/div><\/div>\n<\/div>\n\n<\/li><\/ul>\n\n<\/div>\n<\/div>","protected":false},"excerpt":{"rendered":"","protected":false},"author":2,"featured_media":0,"parent":0,"menu_order":0,"comment_status":"closed","ping_status":"closed","template":"","meta":{"_uag_custom_page_level_css":"","_swt_meta_header_display":false,"_swt_meta_footer_display":false,"_swt_meta_site_title_display":false,"_swt_meta_sticky_header":false,"_swt_meta_transparent_header":false,"footnotes":""},"class_list":["post-442","page","type-page","status-publish","hentry"],"yoast_head":"<!-- This site is optimized with the Yoast SEO plugin v26.5 - https:\/\/yoast.com\/wordpress\/plugins\/seo\/ -->\n<title>Der Hl. Joseph in Kunst, Literatur &amp; Film - Ite Ad Joseph<\/title>\n<meta name=\"robots\" content=\"index, follow, max-snippet:-1, max-image-preview:large, max-video-preview:-1\" \/>\n<link rel=\"canonical\" href=\"https:\/\/iteadjoseph.com\/es\/der-hl-joseph-in-der-literatur\/\" \/>\n<meta property=\"og:locale\" content=\"es_ES\" \/>\n<meta property=\"og:type\" content=\"article\" \/>\n<meta property=\"og:title\" content=\"Der Hl. Joseph in Kunst, Literatur &amp; Film - Ite Ad Joseph\" \/>\n<meta property=\"og:url\" content=\"https:\/\/iteadjoseph.com\/es\/der-hl-joseph-in-der-literatur\/\" \/>\n<meta property=\"og:site_name\" content=\"Ite Ad Joseph\" \/>\n<meta property=\"article:modified_time\" content=\"2024-03-10T07:52:31+00:00\" \/>\n<meta name=\"twitter:card\" content=\"summary_large_image\" \/>\n<script type=\"application\/ld+json\" class=\"yoast-schema-graph\">{\"@context\":\"https:\/\/schema.org\",\"@graph\":[{\"@type\":\"WebPage\",\"@id\":\"https:\/\/iteadjoseph.com\/der-hl-joseph-in-der-literatur\/\",\"url\":\"https:\/\/iteadjoseph.com\/der-hl-joseph-in-der-literatur\/\",\"name\":\"Der Hl. Joseph in Kunst, Literatur & Film - Ite Ad Joseph\",\"isPartOf\":{\"@id\":\"https:\/\/iteadjoseph.com\/#website\"},\"datePublished\":\"2023-10-30T18:49:25+00:00\",\"dateModified\":\"2024-03-10T07:52:31+00:00\",\"breadcrumb\":{\"@id\":\"https:\/\/iteadjoseph.com\/der-hl-joseph-in-der-literatur\/#breadcrumb\"},\"inLanguage\":\"es\",\"potentialAction\":[{\"@type\":\"ReadAction\",\"target\":[\"https:\/\/iteadjoseph.com\/der-hl-joseph-in-der-literatur\/\"]}]},{\"@type\":\"BreadcrumbList\",\"@id\":\"https:\/\/iteadjoseph.com\/der-hl-joseph-in-der-literatur\/#breadcrumb\",\"itemListElement\":[{\"@type\":\"ListItem\",\"position\":1,\"name\":\"Startseite\",\"item\":\"https:\/\/iteadjoseph.com\/\"},{\"@type\":\"ListItem\",\"position\":2,\"name\":\"Der Hl. Joseph in Kunst, Literatur &#038; Film\"}]},{\"@type\":\"WebSite\",\"@id\":\"https:\/\/iteadjoseph.com\/#website\",\"url\":\"https:\/\/iteadjoseph.com\/\",\"name\":\"Ite Ad Joseph\",\"description\":\"Eine Webseite zur Verbreitung der Verehrung des Hl. Josephs\",\"potentialAction\":[{\"@type\":\"SearchAction\",\"target\":{\"@type\":\"EntryPoint\",\"urlTemplate\":\"https:\/\/iteadjoseph.com\/?s={search_term_string}\"},\"query-input\":{\"@type\":\"PropertyValueSpecification\",\"valueRequired\":true,\"valueName\":\"search_term_string\"}}],\"inLanguage\":\"es\"}]}<\/script>\n<!-- \/ Yoast SEO plugin. -->","yoast_head_json":{"title":"Der Hl. Joseph in Kunst, Literatur & Film - Ite Ad Joseph","robots":{"index":"index","follow":"follow","max-snippet":"max-snippet:-1","max-image-preview":"max-image-preview:large","max-video-preview":"max-video-preview:-1"},"canonical":"https:\/\/iteadjoseph.com\/es\/der-hl-joseph-in-der-literatur\/","og_locale":"es_ES","og_type":"article","og_title":"Der Hl. Joseph in Kunst, Literatur & Film - Ite Ad Joseph","og_url":"https:\/\/iteadjoseph.com\/es\/der-hl-joseph-in-der-literatur\/","og_site_name":"Ite Ad Joseph","article_modified_time":"2024-03-10T07:52:31+00:00","twitter_card":"summary_large_image","schema":{"@context":"https:\/\/schema.org","@graph":[{"@type":"WebPage","@id":"https:\/\/iteadjoseph.com\/der-hl-joseph-in-der-literatur\/","url":"https:\/\/iteadjoseph.com\/der-hl-joseph-in-der-literatur\/","name":"Der Hl. Joseph in Kunst, Literatur & Film - Ite Ad Joseph","isPartOf":{"@id":"https:\/\/iteadjoseph.com\/#website"},"datePublished":"2023-10-30T18:49:25+00:00","dateModified":"2024-03-10T07:52:31+00:00","breadcrumb":{"@id":"https:\/\/iteadjoseph.com\/der-hl-joseph-in-der-literatur\/#breadcrumb"},"inLanguage":"es","potentialAction":[{"@type":"ReadAction","target":["https:\/\/iteadjoseph.com\/der-hl-joseph-in-der-literatur\/"]}]},{"@type":"BreadcrumbList","@id":"https:\/\/iteadjoseph.com\/der-hl-joseph-in-der-literatur\/#breadcrumb","itemListElement":[{"@type":"ListItem","position":1,"name":"Startseite","item":"https:\/\/iteadjoseph.com\/"},{"@type":"ListItem","position":2,"name":"Der Hl. Joseph in Kunst, Literatur &#038; Film"}]},{"@type":"WebSite","@id":"https:\/\/iteadjoseph.com\/#website","url":"https:\/\/iteadjoseph.com\/","name":"Ite Ad Joseph","description":"Eine Webseite zur Verbreitung der Verehrung des Hl. Josephs","potentialAction":[{"@type":"SearchAction","target":{"@type":"EntryPoint","urlTemplate":"https:\/\/iteadjoseph.com\/?s={search_term_string}"},"query-input":{"@type":"PropertyValueSpecification","valueRequired":true,"valueName":"search_term_string"}}],"inLanguage":"es"}]}},"uagb_featured_image_src":{"full":false,"thumbnail":false,"medium":false,"medium_large":false,"large":false,"1536x1536":false,"2048x2048":false,"trp-custom-language-flag":false},"uagb_author_info":{"display_name":"nikolas","author_link":"https:\/\/iteadjoseph.com\/es\/author\/nikolas\/"},"uagb_comment_info":0,"uagb_excerpt":null,"_links":{"self":[{"href":"https:\/\/iteadjoseph.com\/es\/wp-json\/wp\/v2\/pages\/442","targetHints":{"allow":["GET"]}}],"collection":[{"href":"https:\/\/iteadjoseph.com\/es\/wp-json\/wp\/v2\/pages"}],"about":[{"href":"https:\/\/iteadjoseph.com\/es\/wp-json\/wp\/v2\/types\/page"}],"author":[{"embeddable":true,"href":"https:\/\/iteadjoseph.com\/es\/wp-json\/wp\/v2\/users\/2"}],"replies":[{"embeddable":true,"href":"https:\/\/iteadjoseph.com\/es\/wp-json\/wp\/v2\/comments?post=442"}],"version-history":[{"count":12,"href":"https:\/\/iteadjoseph.com\/es\/wp-json\/wp\/v2\/pages\/442\/revisions"}],"predecessor-version":[{"id":1910,"href":"https:\/\/iteadjoseph.com\/es\/wp-json\/wp\/v2\/pages\/442\/revisions\/1910"}],"wp:attachment":[{"href":"https:\/\/iteadjoseph.com\/es\/wp-json\/wp\/v2\/media?parent=442"}],"curies":[{"name":"wp","href":"https:\/\/api.w.org\/{rel}","templated":true}]}}