{"id":291,"date":"2023-10-20T21:08:44","date_gmt":"2023-10-20T19:08:44","guid":{"rendered":"https:\/\/iteadjoseph.com\/?page_id=291"},"modified":"2026-03-22T20:52:32","modified_gmt":"2026-03-22T19:52:32","slug":"participate","status":"publish","type":"page","link":"https:\/\/iteadjoseph.com\/es\/participate\/","title":{"rendered":"Mitmachen"},"content":{"rendered":"<p><\/p>\n\n\n\n<div class=\"wp-block-uagb-container uagb-block-651d451d alignfull uagb-is-root-container\">\n<div class=\"wp-block-group has-transparent-background-color has-background has-global-padding is-layout-constrained wp-container-core-group-is-layout-29736477 wp-block-group-is-layout-constrained\">\n<h2 class=\"wp-block-heading has-text-align-center\" id=\"prayergroup\" style=\"font-style:normal;font-weight:100\">Grupo de oraci\u00f3n<\/h2>\n\n\n\n<div class=\"wp-block-columns is-layout-flex wp-container-core-columns-is-layout-28f84493 wp-block-columns-is-layout-flex\">\n<div class=\"wp-block-column is-vertically-aligned-top is-layout-flow wp-block-column-is-layout-flow\">\n<div class=\"wp-block-uagb-image aligncenter uagb-block-f8215fab wp-block-uagb-image--layout-default wp-block-uagb-image--effect-static wp-block-uagb-image--align-center\"><figure class=\"wp-block-uagb-image__figure\"><img decoding=\"async\" srcset=\"https:\/\/iteadjoseph.com\/wp-content\/uploads\/2024\/01\/IMG_20240127_211608_978-768x1024.jpg ,https:\/\/iteadjoseph.com\/wp-content\/uploads\/2024\/01\/IMG_20240127_211608_978.jpg 780w, https:\/\/iteadjoseph.com\/wp-content\/uploads\/2024\/01\/IMG_20240127_211608_978.jpg 360w\" sizes=\"auto, (max-width: 480px) 150px\" src=\"https:\/\/iteadjoseph.com\/wp-content\/uploads\/2024\/01\/IMG_20240127_211608_978-768x1024.jpg\" alt=\"\" class=\"uag-image-1023\" width=\"768\" height=\"1024\" title=\"\" loading=\"lazy\" role=\"img\"\/><\/figure><\/div>\n<\/div>\n\n\n\n<div class=\"wp-block-column is-vertically-aligned-top is-layout-flow wp-block-column-is-layout-flow\">\n<p class=\"has-text-align-left has-heading-color has-text-color\">This website is a fruit of prayer and aims to lead people back to prayer. It wants nothing else than that more and more people deepen their spiritual life through the devotion to St Joseph and thereby draw closer to God. <\/p>\n\n\n\n<p class=\"has-text-align-left has-heading-color has-text-color\">Specifically, it was born out of an initiative by several young Catholics from Germany, Colombia and Mexico, who found each other on sometimes winding paths thanks to their devotion to St Joseph. <\/p>\n\n\n\n<p class=\"has-text-align-left has-heading-color has-text-color translation-block\">The project was born out of the  <em>Ite ad Joseph!<\/em> prayer group, which was founded in the Year of St Joseph (2021). The members meet at least once a week for online prayer meetings, during which the <a href=\"https:\/\/iteadjoseph.com\/en\/index.php\/2023\/12\/04\/schutzmantelandacht-zum-hl-josef\/\" data-type=\"link\" data-id=\"https:\/\/iteadjoseph.com\/en\/index.php\/2023\/12\/04\/schutzmantelandacht-zum-hl-josef\/\" target=\"_self\">Holy Cloak Novena in Honour of St Joseph<\/a> and the <a href=\"https:\/\/iteadjoseph.com\/en\/index.php\/2023\/11\/04\/josephsrosenkranz\/\" data-type=\"link\" data-id=\"https:\/\/iteadjoseph.com\/en\/index.php\/2023\/11\/04\/josephsrosenkranz\/\" target=\"_self\">(Joseph's)<\/a> Rosary are prayed in particular.<\/p>\n\n\n\n<p class=\"has-text-align-left has-heading-color has-text-color translation-block\">We are happy to pray for all intentions that are brought to us. If you would like to entrust us with a prayer petition, please feel free to contact us at any time using the <a href=\"en\/index.php\/participate\/#contact\" data-type=\"link\" data-id=\"https:\/\/iteadjoseph.com\/index.php\/en\/participate\/#contact\" target=\"_self\">contact form<\/a>!<\/p>\n<\/div>\n<\/div>\n<\/div>\n<\/div>\n\n\n\n<div class=\"wp-block-uagb-container uagb-block-267c88aa alignfull uagb-is-root-container\">\n<div class=\"wp-block-group has-global-padding is-layout-constrained wp-container-core-group-is-layout-e7314a2c wp-block-group-is-layout-constrained\">\n<h2 class=\"wp-block-heading has-text-align-center\" id=\"mass-society\" style=\"font-style:normal;font-weight:100\">Sociedad de Misas en honor de San Jos\u00e9<\/h2>\n\n\n\n<div class=\"wp-block-columns is-layout-flex wp-container-core-columns-is-layout-28f84493 wp-block-columns-is-layout-flex\">\n<div class=\"wp-block-column is-layout-flow wp-block-column-is-layout-flow\">\n<p class=\"has-text-align-left\">Der Messbund hat es sich zum Ziel gesetzt, die Verehrung des hl. Joseph zu f\u00f6rdern. <\/p>\n\n\n\n<p class=\"has-text-align-left\">Die monatlich zu Ehren des hl. Joseph gefeierten hl. Messen werden von einer Gemeinschaft von Gl\u00e4ubigen gestiftet, die damit ihrem Dank f\u00fcr die gro\u00dfen Gnaden Ausdruck verleihen, die sie auf die F\u00fcrsprache dieses gr\u00f6\u00dften Heiligen nach der Muttergottes erlangt haben.<\/p>\n\n\n\n<p class=\"has-text-align-left\">Weil niemand solcher unverdienter Gnaden w\u00fcrdig ist, die er nicht innigst w\u00fcnscht, mit m\u00f6glichst vielen Seelen zu teilen, werden die hl. Messen gleichzeitig zum Dank wie zur Bitte dargebracht. Die Intention \u201ezu Ehren des hl. Joseph\u201c beinhaltet sowohl den Dank f\u00fcr bereits erlangte Gnaden wie die Bitte, dass die Verehrung des hl. Joseph immer mehr vertieft wie verbreitet werde und so immer mehr Gnaden in unsere Welt herabstr\u00f6men m\u00f6gen und immer mehr Seelen dieser Gnaden teilhaftig werden. <\/p>\n\n\n\n<p class=\"has-text-align-left\">Der Messbund begr\u00fcndet damit zugleich eine geistliche Gemeinschaft und m\u00f6chte die Mitglieder dieser Gemeinschaft sowohl untereinander inniger dem hl. Joseph verbinden, als auch diese Gemeinschaft m\u00f6glichst ausweiten, auf dass alle eins werden in Dem, Den der hl. Joseph die gro\u00dfe Ehre hatte zu erziehen, zu f\u00fchren, zu ern\u00e4hren und zu umarmen.<\/p>\n\n\n\n<p>Since August 2022, every first Wednesday of each month (St. Joseph's Wednesday) a Holy Mass has been offered in the classical form of the Roman rite (Traditional Latin Mass) with the aforementioned intention.<\/p>\n\n\n\n<p><\/p>\n<\/div>\n\n\n\n<div class=\"wp-block-column is-vertically-aligned-top is-layout-flow wp-block-column-is-layout-flow\">\n<div class=\"wp-block-uagb-image aligncenter uagb-block-ba584ed3 wp-block-uagb-image--layout-default wp-block-uagb-image--effect-blur wp-block-uagb-image--align-center\"><figure class=\"wp-block-uagb-image__figure\"><img decoding=\"async\" srcset=\"https:\/\/iteadjoseph.com\/wp-content\/uploads\/2023\/11\/Messbund-2023.jpg ,https:\/\/iteadjoseph.com\/wp-content\/uploads\/2023\/11\/Messbund-2023.jpg 780w, https:\/\/iteadjoseph.com\/wp-content\/uploads\/2023\/11\/Messbund-2023.jpg 360w\" sizes=\"auto, (max-width: 480px) 150px\" src=\"https:\/\/iteadjoseph.com\/wp-content\/uploads\/2023\/11\/Messbund-2023.jpg\" alt=\"\" class=\"uag-image-577\" width=\"787\" height=\"1112\" title=\"\" loading=\"lazy\" role=\"img\"\/><\/figure><\/div>\n<\/div>\n<\/div>\n<\/div>\n\n\n\n<div class=\"wp-block-group has-global-padding is-content-justification-center is-layout-constrained wp-block-group-is-layout-constrained\">\n<div class=\"wp-block-columns alignfull is-layout-flex wp-container-core-columns-is-layout-28f84493 wp-block-columns-is-layout-flex\"><\/div>\n<\/div>\n<\/div>\n\n\n\n<div class=\"wp-block-uagb-container uagb-block-b35f5cc5 alignfull uagb-is-root-container\">\n<div class=\"wp-block-group has-transparent-background-color has-background has-global-padding is-layout-constrained wp-container-core-group-is-layout-98994010 wp-block-group-is-layout-constrained\">\n<h2 class=\"wp-block-heading has-text-align-center\" id=\"contact\" style=\"font-style:normal;font-weight:100\">Formulario de contacto<\/h2>\n\n\n\n<div class=\"wp-block-columns is-layout-flex wp-container-core-columns-is-layout-28f84493 wp-block-columns-is-layout-flex\">\n<div class=\"wp-block-column is-layout-flow wp-block-column-is-layout-flow\">\n<div class=\"wp-block-uagb-image uagb-block-c12d3dfc wp-block-uagb-image--layout-default wp-block-uagb-image--effect-static wp-block-uagb-image--align-none\"><figure class=\"wp-block-uagb-image__figure\"><img decoding=\"async\" srcset=\"https:\/\/iteadjoseph.com\/wp-content\/uploads\/2023\/10\/contact_form-1024x683.jpg ,https:\/\/iteadjoseph.com\/wp-content\/uploads\/2023\/10\/contact_form-scaled.jpg 780w, https:\/\/iteadjoseph.com\/wp-content\/uploads\/2023\/10\/contact_form-scaled.jpg 360w\" sizes=\"auto, (max-width: 480px) 150px\" src=\"https:\/\/iteadjoseph.com\/wp-content\/uploads\/2023\/10\/contact_form-1024x683.jpg\" alt=\"\" class=\"uag-image-301\" width=\"4705\" height=\"3137\" title=\"\" loading=\"lazy\" role=\"img\"\/><\/figure><\/div>\n<\/div>\n\n\n\n<div class=\"wp-block-column is-layout-flow wp-block-column-is-layout-flow\">\n<div class=\"wp-block-uagb-forms uagb-forms__outer-wrap uagb-block-2df50185 uagb-forms__medium-btn\"><form class=\"uagb-forms-main-form\" method=\"post\" autocomplete=\"on\" name=\"uagb-form-2df50185\" action=\"\">\n<div class=\"wp-block-uagb-forms-name uagb-forms-name-wrap uagb-forms-field-set uagb-block-f234c98a\"><div class=\"uagb-forms-name-label required uagb-forms-input-label\" id=\"f234c98a\">Nombre<\/div><input type=\"text\" placeholder=\"Max\" required class=\"uagb-forms-name-input uagb-forms-input\" name=\"f234c98a\" autocomplete=\"given-name\"\/><\/div>\n\n\n\n<div class=\"wp-block-uagb-forms-name uagb-forms-name-wrap uagb-forms-field-set uagb-block-c5ba2bef\"><div class=\"uagb-forms-name-label required uagb-forms-input-label\" id=\"c5ba2bef\">Apellido<\/div><input type=\"text\" placeholder=\"Mustermann\" required class=\"uagb-forms-name-input uagb-forms-input\" name=\"c5ba2bef\" autocomplete=\"family-name\"\/><\/div>\n\n\n\n<div class=\"wp-block-uagb-forms-email uagb-forms-email-wrap uagb-forms-field-set uagb-block-43bf3673\"><div class=\"uagb-forms-email-label required uagb-forms-input-label\" id=\"43bf3673\">E-Mail<\/div><input type=\"email\" class=\"uagb-forms-email-input uagb-forms-input\" placeholder=\"max.mustermann@example.com\" required name=\"43bf3673\" autocomplete=\"email\"\/><\/div>\n\n\n\n<div class=\"wp-block-uagb-forms-textarea uagb-forms-textarea-wrap uagb-forms-field-set uagb-block-67df0be3\"><div class=\"uagb-forms-textarea-label required uagb-forms-input-label\" id=\"67df0be3\">Su mensaje<\/div><textarea required class=\"uagb-forms-textarea-input uagb-forms-input\" rows=\"4\" placeholder=\"Escriba su mensaje\" name=\"67df0be3\" autocomplete=\"off\"><\/textarea><\/div>\n<div class=\"uagb-forms-form-hidden-data\"><input type=\"hidden\" class=\"uagb_forms_form_label\" value=\"Spectra Form\"\/><input type=\"hidden\" class=\"uagb_forms_form_id\" value=\"uagb-form-2df50185\"\/><\/div><div class=\"uagb-form-reacaptcha-error-2df50185\"><\/div><div class=\"uagb-forms-main-submit-button-wrap wp-block-button\"><button class=\"uagb-forms-main-submit-button wp-block-button__link\"><div class=\"uagb-forms-main-submit-button-text\">Env\u00edo<\/div><\/button><\/div><input type=\"hidden\" name=\"trp-form-language\" value=\"es\"\/><\/form><div class=\"uagb-forms-success-message-2df50185 uagb-forms-submit-message-hide\"><span>Vielen Dank f\u00fcr Ihre Nachricht!<\/span><\/div><div class=\"uagb-forms-failed-message-2df50185 uagb-forms-submit-message-hide\"><span>There has been some error while submitting the form. Please verify all form fields again.<\/span><\/div><\/div>\n<\/div>\n<\/div>\n<\/div>\n<\/div>\n\n\n\n<div class=\"wp-block-uagb-container uagb-block-111704cb alignfull uagb-is-root-container\">\n<div class=\"wp-block-group has-transparent-background-color has-background has-global-padding is-layout-constrained wp-container-core-group-is-layout-98994010 wp-block-group-is-layout-constrained\">\n<h2 class=\"wp-block-heading has-text-align-center\" id=\"newsletter\" style=\"font-style:normal;font-weight:100\">Newsletter<\/h2>\n\n\n\n<div class=\"wp-block-columns is-layout-flex wp-container-core-columns-is-layout-28f84493 wp-block-columns-is-layout-flex\">\n<div class=\"wp-block-column is-vertically-aligned-center is-layout-flow wp-block-column-is-layout-flow\">\n<p class=\"has-text-align-left\">By subscribing to our newsletter, you will always be up to date and receive new information and articles by e-mail at regular intervals.<\/p>\n<\/div>\n\n\n\n<div class=\"wp-block-column is-layout-flow wp-block-column-is-layout-flow\">\n<div class=\"wp-block-uagb-forms uagb-forms__outer-wrap uagb-block-fb0975b9 uagb-forms__medium-btn\"><form class=\"uagb-forms-main-form\" method=\"post\" autocomplete=\"on\" name=\"uagb-form-fb0975b9\" action=\"\">\n<div class=\"wp-block-uagb-forms-email uagb-forms-email-wrap uagb-forms-field-set uagb-block-95af7091\"><div class=\"uagb-forms-email-label required uagb-forms-input-label\" id=\"95af7091\">E-Mail<\/div><input type=\"email\" class=\"uagb-forms-email-input uagb-forms-input\" placeholder=\"max.mustermann@example.com\" required name=\"95af7091\" autocomplete=\"email\"\/><\/div>\n<div class=\"uagb-forms-form-hidden-data\"><input type=\"hidden\" class=\"uagb_forms_form_label\" value=\"Spectra Form\"\/><input type=\"hidden\" class=\"uagb_forms_form_id\" value=\"uagb-form-fb0975b9\"\/><\/div><div class=\"uagb-form-reacaptcha-error-fb0975b9\"><\/div><div class=\"uagb-forms-main-submit-button-wrap wp-block-button\"><button class=\"uagb-forms-main-submit-button wp-block-button__link\"><div class=\"uagb-forms-main-submit-button-text\">Newsletter abonnieren<\/div><\/button><\/div><input type=\"hidden\" name=\"trp-form-language\" value=\"es\"\/><\/form><div class=\"uagb-forms-success-message-fb0975b9 uagb-forms-submit-message-hide\"><span>Vielen Dank, wir haben Ihre Registrierung erhalten.<\/span><\/div><div class=\"uagb-forms-failed-message-fb0975b9 uagb-forms-submit-message-hide\"><span>There has been some error while submitting the form. Please verify all form fields again.<\/span><\/div><\/div>\n<\/div>\n<\/div>\n<\/div>\n<\/div>","protected":false},"excerpt":{"rendered":"<p>Gebetsgruppe Diese Webseite ist eine Frucht des Gebets und m\u00f6chte zum Gebet wieder hinf\u00fchren. Sie m\u00f6chte nichts anderes bewirken, als dass immer mehr Menschen durch die Verehrung des hl. Joseph ihr geistliches Leben vertiefen und dadurch n\u00e4her zu Gott finden. Konkret ist sie aus einer Initiative mehrerer junger Katholiken aus Deutschland, Kolumbien und Mexiko heraus [&hellip;]<\/p>","protected":false},"author":1,"featured_media":0,"parent":0,"menu_order":0,"comment_status":"closed","ping_status":"closed","template":"","meta":{"_uag_custom_page_level_css":"","_swt_meta_header_display":false,"_swt_meta_footer_display":false,"_swt_meta_site_title_display":true,"_swt_meta_sticky_header":false,"_swt_meta_transparent_header":false,"footnotes":""},"class_list":["post-291","page","type-page","status-publish","hentry"],"yoast_head":"<!-- This site is optimized with the Yoast SEO plugin v26.5 - https:\/\/yoast.com\/wordpress\/plugins\/seo\/ -->\n<title>Mitmachen - Ite Ad Joseph<\/title>\n<meta name=\"robots\" content=\"index, follow, max-snippet:-1, max-image-preview:large, max-video-preview:-1\" \/>\n<link rel=\"canonical\" href=\"https:\/\/iteadjoseph.com\/es\/participate\/\" \/>\n<meta property=\"og:locale\" content=\"es_ES\" \/>\n<meta property=\"og:type\" content=\"article\" \/>\n<meta property=\"og:title\" content=\"Mitmachen - Ite Ad Joseph\" \/>\n<meta property=\"og:description\" content=\"Gebetsgruppe Diese Webseite ist eine Frucht des Gebets und m\u00f6chte zum Gebet wieder hinf\u00fchren. Sie m\u00f6chte nichts anderes bewirken, als dass immer mehr Menschen durch die Verehrung des hl. Joseph ihr geistliches Leben vertiefen und dadurch n\u00e4her zu Gott finden. Konkret ist sie aus einer Initiative mehrerer junger Katholiken aus Deutschland, Kolumbien und Mexiko heraus [&hellip;]\" \/>\n<meta property=\"og:url\" content=\"https:\/\/iteadjoseph.com\/es\/participate\/\" \/>\n<meta property=\"og:site_name\" content=\"Ite Ad Joseph\" \/>\n<meta property=\"article:modified_time\" content=\"2026-03-22T19:52:32+00:00\" \/>\n<meta property=\"og:image\" content=\"https:\/\/iteadjoseph.com\/wp-content\/uploads\/2024\/01\/IMG_20240127_211608_978-768x1024.jpg\" \/>\n<meta name=\"twitter:card\" content=\"summary_large_image\" \/>\n<meta name=\"twitter:label1\" content=\"Tiempo de lectura\" \/>\n\t<meta name=\"twitter:data1\" content=\"4 minutos\" \/>\n<script type=\"application\/ld+json\" class=\"yoast-schema-graph\">{\"@context\":\"https:\/\/schema.org\",\"@graph\":[{\"@type\":\"WebPage\",\"@id\":\"https:\/\/iteadjoseph.com\/participate\/\",\"url\":\"https:\/\/iteadjoseph.com\/participate\/\",\"name\":\"Mitmachen - Ite Ad Joseph\",\"isPartOf\":{\"@id\":\"https:\/\/iteadjoseph.com\/#website\"},\"primaryImageOfPage\":{\"@id\":\"https:\/\/iteadjoseph.com\/participate\/#primaryimage\"},\"image\":{\"@id\":\"https:\/\/iteadjoseph.com\/participate\/#primaryimage\"},\"thumbnailUrl\":\"https:\/\/iteadjoseph.com\/wp-content\/uploads\/2024\/01\/IMG_20240127_211608_978-768x1024.jpg\",\"datePublished\":\"2023-10-20T19:08:44+00:00\",\"dateModified\":\"2026-03-22T19:52:32+00:00\",\"breadcrumb\":{\"@id\":\"https:\/\/iteadjoseph.com\/participate\/#breadcrumb\"},\"inLanguage\":\"es\",\"potentialAction\":[{\"@type\":\"ReadAction\",\"target\":[\"https:\/\/iteadjoseph.com\/participate\/\"]}]},{\"@type\":\"ImageObject\",\"inLanguage\":\"es\",\"@id\":\"https:\/\/iteadjoseph.com\/participate\/#primaryimage\",\"url\":\"https:\/\/iteadjoseph.com\/wp-content\/uploads\/2024\/01\/IMG_20240127_211608_978-768x1024.jpg\",\"contentUrl\":\"https:\/\/iteadjoseph.com\/wp-content\/uploads\/2024\/01\/IMG_20240127_211608_978-768x1024.jpg\"},{\"@type\":\"BreadcrumbList\",\"@id\":\"https:\/\/iteadjoseph.com\/participate\/#breadcrumb\",\"itemListElement\":[{\"@type\":\"ListItem\",\"position\":1,\"name\":\"Startseite\",\"item\":\"https:\/\/iteadjoseph.com\/\"},{\"@type\":\"ListItem\",\"position\":2,\"name\":\"Mitmachen\"}]},{\"@type\":\"WebSite\",\"@id\":\"https:\/\/iteadjoseph.com\/#website\",\"url\":\"https:\/\/iteadjoseph.com\/\",\"name\":\"Ite Ad Joseph\",\"description\":\"Eine Webseite zur Verbreitung der Verehrung des Hl. Josephs\",\"potentialAction\":[{\"@type\":\"SearchAction\",\"target\":{\"@type\":\"EntryPoint\",\"urlTemplate\":\"https:\/\/iteadjoseph.com\/?s={search_term_string}\"},\"query-input\":{\"@type\":\"PropertyValueSpecification\",\"valueRequired\":true,\"valueName\":\"search_term_string\"}}],\"inLanguage\":\"es\"}]}<\/script>\n<!-- \/ Yoast SEO plugin. -->","yoast_head_json":{"title":"Mitmachen - Ite Ad Joseph","robots":{"index":"index","follow":"follow","max-snippet":"max-snippet:-1","max-image-preview":"max-image-preview:large","max-video-preview":"max-video-preview:-1"},"canonical":"https:\/\/iteadjoseph.com\/es\/participate\/","og_locale":"es_ES","og_type":"article","og_title":"Mitmachen - Ite Ad Joseph","og_description":"Gebetsgruppe Diese Webseite ist eine Frucht des Gebets und m\u00f6chte zum Gebet wieder hinf\u00fchren. Sie m\u00f6chte nichts anderes bewirken, als dass immer mehr Menschen durch die Verehrung des hl. Joseph ihr geistliches Leben vertiefen und dadurch n\u00e4her zu Gott finden. Konkret ist sie aus einer Initiative mehrerer junger Katholiken aus Deutschland, Kolumbien und Mexiko heraus [&hellip;]","og_url":"https:\/\/iteadjoseph.com\/es\/participate\/","og_site_name":"Ite Ad Joseph","article_modified_time":"2026-03-22T19:52:32+00:00","og_image":[{"url":"https:\/\/iteadjoseph.com\/wp-content\/uploads\/2024\/01\/IMG_20240127_211608_978-768x1024.jpg","type":"","width":"","height":""}],"twitter_card":"summary_large_image","twitter_misc":{"Tiempo de lectura":"4 minutos"},"schema":{"@context":"https:\/\/schema.org","@graph":[{"@type":"WebPage","@id":"https:\/\/iteadjoseph.com\/participate\/","url":"https:\/\/iteadjoseph.com\/participate\/","name":"Mitmachen - Ite Ad Joseph","isPartOf":{"@id":"https:\/\/iteadjoseph.com\/#website"},"primaryImageOfPage":{"@id":"https:\/\/iteadjoseph.com\/participate\/#primaryimage"},"image":{"@id":"https:\/\/iteadjoseph.com\/participate\/#primaryimage"},"thumbnailUrl":"https:\/\/iteadjoseph.com\/wp-content\/uploads\/2024\/01\/IMG_20240127_211608_978-768x1024.jpg","datePublished":"2023-10-20T19:08:44+00:00","dateModified":"2026-03-22T19:52:32+00:00","breadcrumb":{"@id":"https:\/\/iteadjoseph.com\/participate\/#breadcrumb"},"inLanguage":"es","potentialAction":[{"@type":"ReadAction","target":["https:\/\/iteadjoseph.com\/participate\/"]}]},{"@type":"ImageObject","inLanguage":"es","@id":"https:\/\/iteadjoseph.com\/participate\/#primaryimage","url":"https:\/\/iteadjoseph.com\/wp-content\/uploads\/2024\/01\/IMG_20240127_211608_978-768x1024.jpg","contentUrl":"https:\/\/iteadjoseph.com\/wp-content\/uploads\/2024\/01\/IMG_20240127_211608_978-768x1024.jpg"},{"@type":"BreadcrumbList","@id":"https:\/\/iteadjoseph.com\/participate\/#breadcrumb","itemListElement":[{"@type":"ListItem","position":1,"name":"Startseite","item":"https:\/\/iteadjoseph.com\/"},{"@type":"ListItem","position":2,"name":"Mitmachen"}]},{"@type":"WebSite","@id":"https:\/\/iteadjoseph.com\/#website","url":"https:\/\/iteadjoseph.com\/","name":"Ite Ad Joseph","description":"Eine Webseite zur Verbreitung der Verehrung des Hl. Josephs","potentialAction":[{"@type":"SearchAction","target":{"@type":"EntryPoint","urlTemplate":"https:\/\/iteadjoseph.com\/?s={search_term_string}"},"query-input":{"@type":"PropertyValueSpecification","valueRequired":true,"valueName":"search_term_string"}}],"inLanguage":"es"}]}},"uagb_featured_image_src":{"full":false,"thumbnail":false,"medium":false,"medium_large":false,"large":false,"1536x1536":false,"2048x2048":false,"trp-custom-language-flag":false},"uagb_author_info":{"display_name":"Josef","author_link":"https:\/\/iteadjoseph.com\/es\/author\/josef-finkbeiner\/"},"uagb_comment_info":0,"uagb_excerpt":"Gebetsgruppe Diese Webseite ist eine Frucht des Gebets und m\u00f6chte zum Gebet wieder hinf\u00fchren. Sie m\u00f6chte nichts anderes bewirken, als dass immer mehr Menschen durch die Verehrung des hl. Joseph ihr geistliches Leben vertiefen und dadurch n\u00e4her zu Gott finden. Konkret ist sie aus einer Initiative mehrerer junger Katholiken aus Deutschland, Kolumbien und Mexiko heraus&hellip;","_links":{"self":[{"href":"https:\/\/iteadjoseph.com\/es\/wp-json\/wp\/v2\/pages\/291","targetHints":{"allow":["GET"]}}],"collection":[{"href":"https:\/\/iteadjoseph.com\/es\/wp-json\/wp\/v2\/pages"}],"about":[{"href":"https:\/\/iteadjoseph.com\/es\/wp-json\/wp\/v2\/types\/page"}],"author":[{"embeddable":true,"href":"https:\/\/iteadjoseph.com\/es\/wp-json\/wp\/v2\/users\/1"}],"replies":[{"embeddable":true,"href":"https:\/\/iteadjoseph.com\/es\/wp-json\/wp\/v2\/comments?post=291"}],"version-history":[{"count":192,"href":"https:\/\/iteadjoseph.com\/es\/wp-json\/wp\/v2\/pages\/291\/revisions"}],"predecessor-version":[{"id":2146,"href":"https:\/\/iteadjoseph.com\/es\/wp-json\/wp\/v2\/pages\/291\/revisions\/2146"}],"wp:attachment":[{"href":"https:\/\/iteadjoseph.com\/es\/wp-json\/wp\/v2\/media?parent=291"}],"curies":[{"name":"wp","href":"https:\/\/api.w.org\/{rel}","templated":true}]}}