{"id":1401,"date":"2024-02-08T18:46:02","date_gmt":"2024-02-08T17:46:02","guid":{"rendered":"https:\/\/iteadjoseph.com\/?page_id=1401"},"modified":"2024-03-18T21:28:42","modified_gmt":"2024-03-18T20:28:42","slug":"gebetserhoerungen","status":"publish","type":"page","link":"https:\/\/iteadjoseph.com\/es\/gebetserhoerungen\/","title":{"rendered":"Gebetserh\u00f6rungen"},"content":{"rendered":"<p><\/p>\n\n\n\n<div class=\"wp-block-uagb-container uagb-block-44390a02 alignfull uagb-is-root-container\"><div class=\"uagb-container-inner-blocks-wrap\">\n<div class=\"wp-block-uagb-container uagb-block-8d8f9ac5\">\n<figure class=\"wp-block-image size-full has-custom-border is-style-default\"><img loading=\"lazy\" decoding=\"async\" width=\"383\" height=\"500\" src=\"https:\/\/iteadjoseph.com\/wp-content\/uploads\/2024\/02\/Hl.-Joseph-mit-Kind.jpg\" alt=\"\" class=\"wp-image-1335\" style=\"border-style:none;border-width:0px;border-radius:25px\" srcset=\"https:\/\/iteadjoseph.com\/wp-content\/uploads\/2024\/02\/Hl.-Joseph-mit-Kind.jpg 383w, https:\/\/iteadjoseph.com\/wp-content\/uploads\/2024\/02\/Hl.-Joseph-mit-Kind-230x300.jpg 230w\" sizes=\"auto, (max-width: 383px) 100vw, 383px\" \/><\/figure>\n<\/div>\n\n\n\n<div class=\"wp-block-uagb-container uagb-block-0280055b\">\n<p class=\"has-text-align-center\">An dieser Stelle m\u00f6chten wir in digitalen Votivtafeln pers\u00f6nliche Zeugnisse und Gebetserh\u00f6rungen sammeln (&#8222;Der hl. Joseph hat geholfen&#8220;). Wenn Sie Ihr pers\u00f6nliches Zeugnis teilen m\u00f6chten, kontaktieren Sie uns gerne \u00fcber das <a href=\"https:\/\/iteadjoseph.com\/es\/participate\/#contact\" data-type=\"link\" data-id=\"https:\/\/iteadjoseph.com\/participate\/#contact\">Formulario de contacto<\/a>.<\/p>\n<\/div>\n<\/div><\/div>","protected":false},"excerpt":{"rendered":"<p>An dieser Stelle m\u00f6chten wir in digitalen Votivtafeln pers\u00f6nliche Zeugnisse und Gebetserh\u00f6rungen sammeln (&#8222;Der hl. Joseph hat geholfen&#8220;). Wenn Sie Ihr pers\u00f6nliches Zeugnis teilen m\u00f6chten, kontaktieren Sie uns gerne \u00fcber das Kontaktformular.<\/p>","protected":false},"author":2,"featured_media":0,"parent":0,"menu_order":0,"comment_status":"closed","ping_status":"closed","template":"","meta":{"_uag_custom_page_level_css":"","_swt_meta_header_display":false,"_swt_meta_footer_display":false,"_swt_meta_site_title_display":false,"_swt_meta_sticky_header":false,"_swt_meta_transparent_header":false,"footnotes":""},"class_list":["post-1401","page","type-page","status-publish","hentry"],"yoast_head":"<!-- This site is optimized with the Yoast SEO plugin v26.5 - https:\/\/yoast.com\/wordpress\/plugins\/seo\/ -->\n<title>Gebetserh\u00f6rungen - Ite Ad Joseph<\/title>\n<meta name=\"robots\" content=\"index, follow, max-snippet:-1, max-image-preview:large, max-video-preview:-1\" \/>\n<link rel=\"canonical\" href=\"https:\/\/iteadjoseph.com\/es\/gebetserhoerungen\/\" \/>\n<meta property=\"og:locale\" content=\"es_ES\" \/>\n<meta property=\"og:type\" content=\"article\" \/>\n<meta property=\"og:title\" content=\"Gebetserh\u00f6rungen - Ite Ad Joseph\" \/>\n<meta property=\"og:description\" content=\"An dieser Stelle m\u00f6chten wir in digitalen Votivtafeln pers\u00f6nliche Zeugnisse und Gebetserh\u00f6rungen sammeln (&#8222;Der hl. Joseph hat geholfen&#8220;). Wenn Sie Ihr pers\u00f6nliches Zeugnis teilen m\u00f6chten, kontaktieren Sie uns gerne \u00fcber das Kontaktformular.\" \/>\n<meta property=\"og:url\" content=\"https:\/\/iteadjoseph.com\/es\/gebetserhoerungen\/\" \/>\n<meta property=\"og:site_name\" content=\"Ite Ad Joseph\" \/>\n<meta property=\"article:modified_time\" content=\"2024-03-18T20:28:42+00:00\" \/>\n<meta property=\"og:image\" content=\"https:\/\/iteadjoseph.com\/wp-content\/uploads\/2024\/02\/Hl.-Joseph-mit-Kind.jpg\" \/>\n<meta name=\"twitter:card\" content=\"summary_large_image\" \/>\n<script type=\"application\/ld+json\" class=\"yoast-schema-graph\">{\"@context\":\"https:\/\/schema.org\",\"@graph\":[{\"@type\":\"WebPage\",\"@id\":\"https:\/\/iteadjoseph.com\/gebetserhoerungen\/\",\"url\":\"https:\/\/iteadjoseph.com\/gebetserhoerungen\/\",\"name\":\"Gebetserh\u00f6rungen - Ite Ad Joseph\",\"isPartOf\":{\"@id\":\"https:\/\/iteadjoseph.com\/#website\"},\"primaryImageOfPage\":{\"@id\":\"https:\/\/iteadjoseph.com\/gebetserhoerungen\/#primaryimage\"},\"image\":{\"@id\":\"https:\/\/iteadjoseph.com\/gebetserhoerungen\/#primaryimage\"},\"thumbnailUrl\":\"https:\/\/iteadjoseph.com\/wp-content\/uploads\/2024\/02\/Hl.-Joseph-mit-Kind.jpg\",\"datePublished\":\"2024-02-08T17:46:02+00:00\",\"dateModified\":\"2024-03-18T20:28:42+00:00\",\"breadcrumb\":{\"@id\":\"https:\/\/iteadjoseph.com\/gebetserhoerungen\/#breadcrumb\"},\"inLanguage\":\"es\",\"potentialAction\":[{\"@type\":\"ReadAction\",\"target\":[\"https:\/\/iteadjoseph.com\/gebetserhoerungen\/\"]}]},{\"@type\":\"ImageObject\",\"inLanguage\":\"es\",\"@id\":\"https:\/\/iteadjoseph.com\/gebetserhoerungen\/#primaryimage\",\"url\":\"https:\/\/iteadjoseph.com\/wp-content\/uploads\/2024\/02\/Hl.-Joseph-mit-Kind.jpg\",\"contentUrl\":\"https:\/\/iteadjoseph.com\/wp-content\/uploads\/2024\/02\/Hl.-Joseph-mit-Kind.jpg\"},{\"@type\":\"BreadcrumbList\",\"@id\":\"https:\/\/iteadjoseph.com\/gebetserhoerungen\/#breadcrumb\",\"itemListElement\":[{\"@type\":\"ListItem\",\"position\":1,\"name\":\"Startseite\",\"item\":\"https:\/\/iteadjoseph.com\/\"},{\"@type\":\"ListItem\",\"position\":2,\"name\":\"Gebetserh\u00f6rungen\"}]},{\"@type\":\"WebSite\",\"@id\":\"https:\/\/iteadjoseph.com\/#website\",\"url\":\"https:\/\/iteadjoseph.com\/\",\"name\":\"Ite Ad Joseph\",\"description\":\"Eine Webseite zur Verbreitung der Verehrung des Hl. Josephs\",\"potentialAction\":[{\"@type\":\"SearchAction\",\"target\":{\"@type\":\"EntryPoint\",\"urlTemplate\":\"https:\/\/iteadjoseph.com\/?s={search_term_string}\"},\"query-input\":{\"@type\":\"PropertyValueSpecification\",\"valueRequired\":true,\"valueName\":\"search_term_string\"}}],\"inLanguage\":\"es\"}]}<\/script>\n<!-- \/ Yoast SEO plugin. -->","yoast_head_json":{"title":"Gebetserh\u00f6rungen - Ite Ad Joseph","robots":{"index":"index","follow":"follow","max-snippet":"max-snippet:-1","max-image-preview":"max-image-preview:large","max-video-preview":"max-video-preview:-1"},"canonical":"https:\/\/iteadjoseph.com\/es\/gebetserhoerungen\/","og_locale":"es_ES","og_type":"article","og_title":"Gebetserh\u00f6rungen - Ite Ad Joseph","og_description":"An dieser Stelle m\u00f6chten wir in digitalen Votivtafeln pers\u00f6nliche Zeugnisse und Gebetserh\u00f6rungen sammeln (&#8222;Der hl. Joseph hat geholfen&#8220;). Wenn Sie Ihr pers\u00f6nliches Zeugnis teilen m\u00f6chten, kontaktieren Sie uns gerne \u00fcber das Kontaktformular.","og_url":"https:\/\/iteadjoseph.com\/es\/gebetserhoerungen\/","og_site_name":"Ite Ad Joseph","article_modified_time":"2024-03-18T20:28:42+00:00","og_image":[{"url":"https:\/\/iteadjoseph.com\/wp-content\/uploads\/2024\/02\/Hl.-Joseph-mit-Kind.jpg","type":"","width":"","height":""}],"twitter_card":"summary_large_image","schema":{"@context":"https:\/\/schema.org","@graph":[{"@type":"WebPage","@id":"https:\/\/iteadjoseph.com\/gebetserhoerungen\/","url":"https:\/\/iteadjoseph.com\/gebetserhoerungen\/","name":"Gebetserh\u00f6rungen - Ite Ad Joseph","isPartOf":{"@id":"https:\/\/iteadjoseph.com\/#website"},"primaryImageOfPage":{"@id":"https:\/\/iteadjoseph.com\/gebetserhoerungen\/#primaryimage"},"image":{"@id":"https:\/\/iteadjoseph.com\/gebetserhoerungen\/#primaryimage"},"thumbnailUrl":"https:\/\/iteadjoseph.com\/wp-content\/uploads\/2024\/02\/Hl.-Joseph-mit-Kind.jpg","datePublished":"2024-02-08T17:46:02+00:00","dateModified":"2024-03-18T20:28:42+00:00","breadcrumb":{"@id":"https:\/\/iteadjoseph.com\/gebetserhoerungen\/#breadcrumb"},"inLanguage":"es","potentialAction":[{"@type":"ReadAction","target":["https:\/\/iteadjoseph.com\/gebetserhoerungen\/"]}]},{"@type":"ImageObject","inLanguage":"es","@id":"https:\/\/iteadjoseph.com\/gebetserhoerungen\/#primaryimage","url":"https:\/\/iteadjoseph.com\/wp-content\/uploads\/2024\/02\/Hl.-Joseph-mit-Kind.jpg","contentUrl":"https:\/\/iteadjoseph.com\/wp-content\/uploads\/2024\/02\/Hl.-Joseph-mit-Kind.jpg"},{"@type":"BreadcrumbList","@id":"https:\/\/iteadjoseph.com\/gebetserhoerungen\/#breadcrumb","itemListElement":[{"@type":"ListItem","position":1,"name":"Startseite","item":"https:\/\/iteadjoseph.com\/"},{"@type":"ListItem","position":2,"name":"Gebetserh\u00f6rungen"}]},{"@type":"WebSite","@id":"https:\/\/iteadjoseph.com\/#website","url":"https:\/\/iteadjoseph.com\/","name":"Ite Ad Joseph","description":"Eine Webseite zur Verbreitung der Verehrung des Hl. Josephs","potentialAction":[{"@type":"SearchAction","target":{"@type":"EntryPoint","urlTemplate":"https:\/\/iteadjoseph.com\/?s={search_term_string}"},"query-input":{"@type":"PropertyValueSpecification","valueRequired":true,"valueName":"search_term_string"}}],"inLanguage":"es"}]}},"uagb_featured_image_src":{"full":false,"thumbnail":false,"medium":false,"medium_large":false,"large":false,"1536x1536":false,"2048x2048":false,"trp-custom-language-flag":false},"uagb_author_info":{"display_name":"nikolas","author_link":"https:\/\/iteadjoseph.com\/es\/author\/nikolas\/"},"uagb_comment_info":0,"uagb_excerpt":"An dieser Stelle m\u00f6chten wir in digitalen Votivtafeln pers\u00f6nliche Zeugnisse und Gebetserh\u00f6rungen sammeln (&#8222;Der hl. Joseph hat geholfen&#8220;). Wenn Sie Ihr pers\u00f6nliches Zeugnis teilen m\u00f6chten, kontaktieren Sie uns gerne \u00fcber das Kontaktformular.","_links":{"self":[{"href":"https:\/\/iteadjoseph.com\/es\/wp-json\/wp\/v2\/pages\/1401","targetHints":{"allow":["GET"]}}],"collection":[{"href":"https:\/\/iteadjoseph.com\/es\/wp-json\/wp\/v2\/pages"}],"about":[{"href":"https:\/\/iteadjoseph.com\/es\/wp-json\/wp\/v2\/types\/page"}],"author":[{"embeddable":true,"href":"https:\/\/iteadjoseph.com\/es\/wp-json\/wp\/v2\/users\/2"}],"replies":[{"embeddable":true,"href":"https:\/\/iteadjoseph.com\/es\/wp-json\/wp\/v2\/comments?post=1401"}],"version-history":[{"count":6,"href":"https:\/\/iteadjoseph.com\/es\/wp-json\/wp\/v2\/pages\/1401\/revisions"}],"predecessor-version":[{"id":2044,"href":"https:\/\/iteadjoseph.com\/es\/wp-json\/wp\/v2\/pages\/1401\/revisions\/2044"}],"wp:attachment":[{"href":"https:\/\/iteadjoseph.com\/es\/wp-json\/wp\/v2\/media?parent=1401"}],"curies":[{"name":"wp","href":"https:\/\/api.w.org\/{rel}","templated":true}]}}