{"id":440,"date":"2023-10-30T19:57:26","date_gmt":"2023-10-30T18:57:26","guid":{"rendered":"https:\/\/iteadjoseph.com\/?page_id=440"},"modified":"2025-11-01T10:36:49","modified_gmt":"2025-11-01T09:36:49","slug":"heilige-ueber-den-hl-joseph","status":"publish","type":"page","link":"https:\/\/iteadjoseph.com\/en\/heilige-ueber-den-hl-joseph\/","title":{"rendered":"Heilige \u00fcber den Hl. Joseph"},"content":{"rendered":"<p><\/p>\n\n\n\n<div style=\"height:55px\" aria-hidden=\"true\" class=\"wp-block-spacer\"><\/div>\n\n\n\n<div class=\"wp-block-uagb-container uagb-block-57467b9b alignfull uagb-is-root-container\"><div class=\"uagb-container-inner-blocks-wrap\">\n<div class=\"wp-block-uagb-image aligncenter uagb-block-41cf2e21 wp-block-uagb-image--layout-default wp-block-uagb-image--effect-static wp-block-uagb-image--align-center\"><figure class=\"wp-block-uagb-image__figure\"><img decoding=\"async\" srcset=\"https:\/\/iteadjoseph.com\/wp-content\/uploads\/2023\/12\/Fra_Angelico_Heilige-1024x521.jpg ,https:\/\/iteadjoseph.com\/wp-content\/uploads\/2023\/12\/Fra_Angelico_Heilige-scaled.jpg 780w, https:\/\/iteadjoseph.com\/wp-content\/uploads\/2023\/12\/Fra_Angelico_Heilige-scaled.jpg 360w\" sizes=\"auto, (max-width: 480px) 150px\" src=\"https:\/\/iteadjoseph.com\/wp-content\/uploads\/2023\/12\/Fra_Angelico_Heilige-1024x521.jpg\" alt=\"\" class=\"uag-image-789\" width=\"1024\" height=\"521\" title=\"\" loading=\"lazy\" role=\"img\"\/><\/figure><\/div>\n\n\n\n<p>Unter den vielen Heiligen, die den hl. Joseph gelobt und seine Verehrung empfohlen haben, finden sich nicht nur die gro\u00dfen und bekannten wie die hl. Theresa von \u00c1vila. Viele andere Heilige stimmten mit ein in den gro\u00dfen Chor aller Heiligen zu Ehren des hl. Joseph. In den folgenden Beitr\u00e4gen geben wir nach und nach alle diese Stimmen wieder &#8211; starke und beeindruckende ebenso wie leise und unscheinbare. So entsteht hier nach und nach ein Panoptikum aller Lobespr\u00fcche der Heiligen \u00fcber den gr\u00f6\u00dften Heiligen nach der Muttergottes. Wir sammeln aber nicht nur die entsprechenden Zitate, sondern beleuchten auch die Bedeutung, die der hl. Joseph im Leben und in der Spiritualit\u00e4t dieser Heiligen hatte, und machen zudem die Rolle sichtbar, die manche dieser Heiligen f\u00fcr die geschichtliche Entwicklung der Josephsverehrung gespielt haben.<\/p>\n<\/div><\/div>\n\n\n\n<div class=\"wp-block-group alignwide has-global-padding is-layout-constrained wp-container-core-group-is-layout-86fefda5 wp-block-group-is-layout-constrained\" style=\"padding-top:var(--wp--preset--spacing--x-large);padding-bottom:var(--wp--preset--spacing--x-large)\">\n<div class=\"wp-block-query alignwide has-global-padding is-layout-constrained wp-block-query-is-layout-constrained\"><ul class=\"columns-3 alignwide wp-block-post-template is-layout-grid wp-container-core-post-template-is-layout-6d3fbd8f wp-block-post-template-is-layout-grid\"><li class=\"wp-block-post post-794 post type-post status-publish format-standard has-post-thumbnail hentry category-saints\">\n<figure style=\"height:400px;\" class=\"wp-block-post-featured-image\"><a href=\"https:\/\/iteadjoseph.com\/en\/hl-ludwig-maria-von-montfort\/\" target=\"_self\"  style=\"height:400px\"><img loading=\"lazy\" decoding=\"async\" width=\"350\" height=\"469\" src=\"https:\/\/iteadjoseph.com\/wp-content\/uploads\/2023\/12\/Montfort.jpg\" class=\"attachment-post-thumbnail size-post-thumbnail wp-post-image\" alt=\"Hl. Ludwig Maria von Montfort\" style=\"border-radius:8px;height:400px;object-fit:cover;\" srcset=\"https:\/\/iteadjoseph.com\/wp-content\/uploads\/2023\/12\/Montfort.jpg 350w, https:\/\/iteadjoseph.com\/wp-content\/uploads\/2023\/12\/Montfort-224x300.jpg 224w\" sizes=\"auto, (max-width: 350px) 100vw, 350px\" \/><\/a><\/figure>\n\n\n<div class=\"wp-block-group is-vertical is-layout-flex wp-container-core-group-is-layout-f088f5fd wp-block-group-is-layout-flex\" style=\"margin-bottom:var(--wp--preset--spacing--small);padding-top:var(--wp--preset--spacing--xx-small)\"><div style=\"font-style:normal;font-weight:500\" class=\"taxonomy-category is-style-swt-post-terms-pill wp-block-post-terms\"><a href=\"https:\/\/iteadjoseph.com\/en\/category\/saints\/\" rel=\"tag\">Saints<\/a><\/div>\n\n<h4 style=\"margin-top:var(--wp--preset--spacing--xx-small);\" class=\"wp-block-post-title has-text-color has-heading-color\"><a href=\"https:\/\/iteadjoseph.com\/en\/hl-ludwig-maria-von-montfort\/\" target=\"_self\" >Hl. Ludwig Maria von Montfort<\/a><\/h4>\n\n\n<div class=\"wp-block-group has-neutral-color has-text-color is-nowrap is-layout-flex wp-container-core-group-is-layout-9dcc9912 wp-block-group-is-layout-flex\"><\/div>\n<\/div>\n\n<\/li><li class=\"wp-block-post post-747 post type-post status-publish format-standard has-post-thumbnail hentry category-saints\">\n<figure style=\"height:400px;\" class=\"wp-block-post-featured-image\"><a href=\"https:\/\/iteadjoseph.com\/en\/hl-theresa-von-avila\/\" target=\"_self\"  style=\"height:400px\"><img loading=\"lazy\" decoding=\"async\" width=\"1215\" height=\"1203\" src=\"https:\/\/iteadjoseph.com\/wp-content\/uploads\/2023\/12\/Theresa-von-Avila.jpg\" class=\"attachment-post-thumbnail size-post-thumbnail wp-post-image\" alt=\"Hl. Theresa von \u00c1vila\" style=\"border-radius:8px;height:400px;object-fit:cover;\" srcset=\"https:\/\/iteadjoseph.com\/wp-content\/uploads\/2023\/12\/Theresa-von-Avila.jpg 1215w, https:\/\/iteadjoseph.com\/wp-content\/uploads\/2023\/12\/Theresa-von-Avila-300x297.jpg 300w, https:\/\/iteadjoseph.com\/wp-content\/uploads\/2023\/12\/Theresa-von-Avila-1024x1014.jpg 1024w, https:\/\/iteadjoseph.com\/wp-content\/uploads\/2023\/12\/Theresa-von-Avila-150x150.jpg 150w, https:\/\/iteadjoseph.com\/wp-content\/uploads\/2023\/12\/Theresa-von-Avila-768x760.jpg 768w\" sizes=\"auto, (max-width: 1215px) 100vw, 1215px\" \/><\/a><\/figure>\n\n\n<div class=\"wp-block-group is-vertical is-layout-flex wp-container-core-group-is-layout-f088f5fd wp-block-group-is-layout-flex\" style=\"margin-bottom:var(--wp--preset--spacing--small);padding-top:var(--wp--preset--spacing--xx-small)\"><div style=\"font-style:normal;font-weight:500\" class=\"taxonomy-category is-style-swt-post-terms-pill wp-block-post-terms\"><a href=\"https:\/\/iteadjoseph.com\/en\/category\/saints\/\" rel=\"tag\">Saints<\/a><\/div>\n\n<h4 style=\"margin-top:var(--wp--preset--spacing--xx-small);\" class=\"wp-block-post-title has-text-color has-heading-color\"><a href=\"https:\/\/iteadjoseph.com\/en\/hl-theresa-von-avila\/\" target=\"_self\" >Hl. Theresa von \u00c1vila<\/a><\/h4>\n\n\n<div class=\"wp-block-group has-neutral-color has-text-color is-nowrap is-layout-flex wp-container-core-group-is-layout-9dcc9912 wp-block-group-is-layout-flex\"><\/div>\n<\/div>\n\n<\/li><li class=\"wp-block-post post-725 post type-post status-publish format-standard has-post-thumbnail hentry category-saints\">\n<figure style=\"height:400px;\" class=\"wp-block-post-featured-image\"><a href=\"https:\/\/iteadjoseph.com\/en\/hl-philipp-neri\/\" target=\"_self\"  style=\"height:400px\"><img loading=\"lazy\" decoding=\"async\" width=\"350\" height=\"350\" src=\"https:\/\/iteadjoseph.com\/wp-content\/uploads\/2023\/12\/Philipp-Neri-e1702487520391.gif\" class=\"attachment-post-thumbnail size-post-thumbnail wp-post-image\" alt=\"Hl. Philipp Neri\" style=\"border-radius:8px;height:400px;object-fit:cover;\" \/><\/a><\/figure>\n\n\n<div class=\"wp-block-group is-vertical is-layout-flex wp-container-core-group-is-layout-f088f5fd wp-block-group-is-layout-flex\" style=\"margin-bottom:var(--wp--preset--spacing--small);padding-top:var(--wp--preset--spacing--xx-small)\"><div style=\"font-style:normal;font-weight:500\" class=\"taxonomy-category is-style-swt-post-terms-pill wp-block-post-terms\"><a href=\"https:\/\/iteadjoseph.com\/en\/category\/saints\/\" rel=\"tag\">Saints<\/a><\/div>\n\n<h4 style=\"margin-top:var(--wp--preset--spacing--xx-small);\" class=\"wp-block-post-title has-text-color has-heading-color\"><a href=\"https:\/\/iteadjoseph.com\/en\/hl-philipp-neri\/\" target=\"_self\" >Hl. Philipp Neri<\/a><\/h4>\n\n\n<div class=\"wp-block-group has-neutral-color has-text-color is-nowrap is-layout-flex wp-container-core-group-is-layout-9dcc9912 wp-block-group-is-layout-flex\"><\/div>\n<\/div>\n\n<\/li><li class=\"wp-block-post post-888 post type-post status-publish format-standard has-post-thumbnail hentry category-saints\">\n<figure style=\"height:400px;\" class=\"wp-block-post-featured-image\"><a href=\"https:\/\/iteadjoseph.com\/en\/hl-bernhard-von-clairvaux\/\" target=\"_self\"  style=\"height:400px\"><img loading=\"lazy\" decoding=\"async\" width=\"826\" height=\"1143\" src=\"https:\/\/iteadjoseph.com\/wp-content\/uploads\/2024\/01\/Hl.-Bernhard-von-Clairvaux.jpg\" class=\"attachment-post-thumbnail size-post-thumbnail wp-post-image\" alt=\"Hl. Bernhard von Clairvaux\" style=\"border-radius:8px;height:400px;object-fit:cover;\" srcset=\"https:\/\/iteadjoseph.com\/wp-content\/uploads\/2024\/01\/Hl.-Bernhard-von-Clairvaux.jpg 826w, https:\/\/iteadjoseph.com\/wp-content\/uploads\/2024\/01\/Hl.-Bernhard-von-Clairvaux-217x300.jpg 217w, https:\/\/iteadjoseph.com\/wp-content\/uploads\/2024\/01\/Hl.-Bernhard-von-Clairvaux-740x1024.jpg 740w, https:\/\/iteadjoseph.com\/wp-content\/uploads\/2024\/01\/Hl.-Bernhard-von-Clairvaux-768x1063.jpg 768w\" sizes=\"auto, (max-width: 826px) 100vw, 826px\" \/><\/a><\/figure>\n\n\n<div class=\"wp-block-group is-vertical is-layout-flex wp-container-core-group-is-layout-f088f5fd wp-block-group-is-layout-flex\" style=\"margin-bottom:var(--wp--preset--spacing--small);padding-top:var(--wp--preset--spacing--xx-small)\"><div style=\"font-style:normal;font-weight:500\" class=\"taxonomy-category is-style-swt-post-terms-pill wp-block-post-terms\"><a href=\"https:\/\/iteadjoseph.com\/en\/category\/saints\/\" rel=\"tag\">Saints<\/a><\/div>\n\n<h4 style=\"margin-top:var(--wp--preset--spacing--xx-small);\" class=\"wp-block-post-title has-text-color has-heading-color\"><a href=\"https:\/\/iteadjoseph.com\/en\/hl-bernhard-von-clairvaux\/\" target=\"_self\" >Hl. Bernhard von Clairvaux<\/a><\/h4>\n\n\n<div class=\"wp-block-group has-neutral-color has-text-color is-nowrap is-layout-flex wp-container-core-group-is-layout-9dcc9912 wp-block-group-is-layout-flex\"><\/div>\n<\/div>\n\n<\/li><li class=\"wp-block-post post-1550 post type-post status-publish format-standard has-post-thumbnail hentry category-saints\">\n<figure style=\"height:400px;\" class=\"wp-block-post-featured-image\"><a href=\"https:\/\/iteadjoseph.com\/en\/hl-birgitta-von-schweden\/\" target=\"_self\"  style=\"height:400px\"><img loading=\"lazy\" decoding=\"async\" width=\"985\" height=\"1457\" src=\"https:\/\/iteadjoseph.com\/wp-content\/uploads\/2024\/02\/Heliga_Birgitta_pa_ett_altarskap_i_Salems_kyrka_retouched.png\" class=\"attachment-post-thumbnail size-post-thumbnail wp-post-image\" alt=\"Hl. Birgitta von Schweden\" style=\"border-radius:8px;height:400px;object-fit:cover;\" srcset=\"https:\/\/iteadjoseph.com\/wp-content\/uploads\/2024\/02\/Heliga_Birgitta_pa_ett_altarskap_i_Salems_kyrka_retouched.png 985w, https:\/\/iteadjoseph.com\/wp-content\/uploads\/2024\/02\/Heliga_Birgitta_pa_ett_altarskap_i_Salems_kyrka_retouched-203x300.png 203w, https:\/\/iteadjoseph.com\/wp-content\/uploads\/2024\/02\/Heliga_Birgitta_pa_ett_altarskap_i_Salems_kyrka_retouched-692x1024.png 692w, https:\/\/iteadjoseph.com\/wp-content\/uploads\/2024\/02\/Heliga_Birgitta_pa_ett_altarskap_i_Salems_kyrka_retouched-768x1136.png 768w\" sizes=\"auto, (max-width: 985px) 100vw, 985px\" \/><\/a><\/figure>\n\n\n<div class=\"wp-block-group is-vertical is-layout-flex wp-container-core-group-is-layout-f088f5fd wp-block-group-is-layout-flex\" style=\"margin-bottom:var(--wp--preset--spacing--small);padding-top:var(--wp--preset--spacing--xx-small)\"><div style=\"font-style:normal;font-weight:500\" class=\"taxonomy-category is-style-swt-post-terms-pill wp-block-post-terms\"><a href=\"https:\/\/iteadjoseph.com\/en\/category\/saints\/\" rel=\"tag\">Saints<\/a><\/div>\n\n<h4 style=\"margin-top:var(--wp--preset--spacing--xx-small);\" class=\"wp-block-post-title has-text-color has-heading-color\"><a href=\"https:\/\/iteadjoseph.com\/en\/hl-birgitta-von-schweden\/\" target=\"_self\" >Hl. Birgitta von Schweden<\/a><\/h4>\n\n\n<div class=\"wp-block-group has-neutral-color has-text-color is-nowrap is-layout-flex wp-container-core-group-is-layout-9dcc9912 wp-block-group-is-layout-flex\"><\/div>\n<\/div>\n\n<\/li><li class=\"wp-block-post post-1322 post type-post status-publish format-standard has-post-thumbnail hentry category-saints\">\n<figure style=\"height:400px;\" class=\"wp-block-post-featured-image\"><a href=\"https:\/\/iteadjoseph.com\/en\/hl-franz-von-sales\/\" target=\"_self\"  style=\"height:400px\"><img loading=\"lazy\" decoding=\"async\" width=\"470\" height=\"700\" src=\"https:\/\/iteadjoseph.com\/wp-content\/uploads\/2024\/02\/Saint_Francois_de_Sales.jpg\" class=\"attachment-post-thumbnail size-post-thumbnail wp-post-image\" alt=\"Hl. Franz von Sales\" style=\"border-radius:8px;height:400px;object-fit:cover;\" srcset=\"https:\/\/iteadjoseph.com\/wp-content\/uploads\/2024\/02\/Saint_Francois_de_Sales.jpg 470w, https:\/\/iteadjoseph.com\/wp-content\/uploads\/2024\/02\/Saint_Francois_de_Sales-201x300.jpg 201w\" sizes=\"auto, (max-width: 470px) 100vw, 470px\" \/><\/a><\/figure>\n\n\n<div class=\"wp-block-group is-vertical is-layout-flex wp-container-core-group-is-layout-f088f5fd wp-block-group-is-layout-flex\" style=\"margin-bottom:var(--wp--preset--spacing--small);padding-top:var(--wp--preset--spacing--xx-small)\"><div style=\"font-style:normal;font-weight:500\" class=\"taxonomy-category is-style-swt-post-terms-pill wp-block-post-terms\"><a href=\"https:\/\/iteadjoseph.com\/en\/category\/saints\/\" rel=\"tag\">Saints<\/a><\/div>\n\n<h4 style=\"margin-top:var(--wp--preset--spacing--xx-small);\" class=\"wp-block-post-title has-text-color has-heading-color\"><a href=\"https:\/\/iteadjoseph.com\/en\/hl-franz-von-sales\/\" target=\"_self\" >Hl. Franz von Sales<\/a><\/h4>\n\n\n<div class=\"wp-block-group has-neutral-color has-text-color is-nowrap is-layout-flex wp-container-core-group-is-layout-9dcc9912 wp-block-group-is-layout-flex\"><\/div>\n<\/div>\n\n<\/li><\/ul>\n\n<nav class=\"wp-block-query-pagination is-content-justification-center is-layout-flex wp-container-core-query-pagination-is-layout-a89b3969 wp-block-query-pagination-is-layout-flex\" aria-label=\"Pagination\">\n\n\n<div class=\"wp-block-query-pagination-numbers\"><span aria-current=\"page\" class=\"page-numbers current\">1<\/span>\n<a class=\"page-numbers\" href=\"?query-0-page=2\">2<\/a><\/div>\n\n<a href=\"\/en\/wp-json\/wp\/v2\/pages\/440?query-0-page=2\" class=\"wp-block-query-pagination-next\">Next Page<span class='wp-block-query-pagination-next-arrow is-arrow-arrow' aria-hidden='true'>\u2192<\/span><\/a>\n<\/nav><\/div>\n<\/div>","protected":false},"excerpt":{"rendered":"<p>Unter den vielen Heiligen, die den hl. Joseph gelobt und seine Verehrung empfohlen haben, finden sich nicht nur die gro\u00dfen und bekannten wie die hl. Theresa von \u00c1vila. Viele andere Heilige stimmten mit ein in den gro\u00dfen Chor aller Heiligen zu Ehren des hl. Joseph. In den folgenden Beitr\u00e4gen geben wir nach und nach alle [&hellip;]<\/p>","protected":false},"author":2,"featured_media":0,"parent":0,"menu_order":0,"comment_status":"closed","ping_status":"closed","template":"","meta":{"_uag_custom_page_level_css":"","_swt_meta_header_display":false,"_swt_meta_footer_display":false,"_swt_meta_site_title_display":false,"_swt_meta_sticky_header":false,"_swt_meta_transparent_header":false,"footnotes":""},"class_list":["post-440","page","type-page","status-publish","hentry"],"yoast_head":"<!-- This site is optimized with the Yoast SEO plugin v26.5 - https:\/\/yoast.com\/wordpress\/plugins\/seo\/ -->\n<title>Heilige \u00fcber den Hl. Joseph - Ite Ad Joseph<\/title>\n<meta name=\"robots\" content=\"index, follow, max-snippet:-1, max-image-preview:large, max-video-preview:-1\" \/>\n<link rel=\"canonical\" href=\"https:\/\/iteadjoseph.com\/en\/heilige-ueber-den-hl-joseph\/\" \/>\n<link rel=\"next\" href=\"https:\/\/iteadjoseph.com\/heilige-ueber-den-hl-joseph\/440?query-0-page=2\" \/>\n<meta property=\"og:locale\" content=\"en_US\" \/>\n<meta property=\"og:type\" content=\"article\" \/>\n<meta property=\"og:title\" content=\"Heilige \u00fcber den Hl. Joseph - Ite Ad Joseph\" \/>\n<meta property=\"og:description\" content=\"Unter den vielen Heiligen, die den hl. Joseph gelobt und seine Verehrung empfohlen haben, finden sich nicht nur die gro\u00dfen und bekannten wie die hl. Theresa von \u00c1vila. Viele andere Heilige stimmten mit ein in den gro\u00dfen Chor aller Heiligen zu Ehren des hl. Joseph. In den folgenden Beitr\u00e4gen geben wir nach und nach alle [&hellip;]\" \/>\n<meta property=\"og:url\" content=\"https:\/\/iteadjoseph.com\/en\/heilige-ueber-den-hl-joseph\/\" \/>\n<meta property=\"og:site_name\" content=\"Ite Ad Joseph\" \/>\n<meta property=\"article:modified_time\" content=\"2025-11-01T09:36:49+00:00\" \/>\n<meta property=\"og:image\" content=\"https:\/\/iteadjoseph.com\/wp-content\/uploads\/2023\/12\/Fra_Angelico_Heilige-1024x521.jpg\" \/>\n<meta name=\"twitter:card\" content=\"summary_large_image\" \/>\n<script type=\"application\/ld+json\" class=\"yoast-schema-graph\">{\"@context\":\"https:\/\/schema.org\",\"@graph\":[{\"@type\":\"WebPage\",\"@id\":\"https:\/\/iteadjoseph.com\/heilige-ueber-den-hl-joseph\/\",\"url\":\"https:\/\/iteadjoseph.com\/heilige-ueber-den-hl-joseph\/\",\"name\":\"Heilige \u00fcber den Hl. Joseph - Ite Ad Joseph\",\"isPartOf\":{\"@id\":\"https:\/\/iteadjoseph.com\/#website\"},\"primaryImageOfPage\":{\"@id\":\"https:\/\/iteadjoseph.com\/heilige-ueber-den-hl-joseph\/#primaryimage\"},\"image\":{\"@id\":\"https:\/\/iteadjoseph.com\/heilige-ueber-den-hl-joseph\/#primaryimage\"},\"thumbnailUrl\":\"https:\/\/iteadjoseph.com\/wp-content\/uploads\/2023\/12\/Fra_Angelico_Heilige-1024x521.jpg\",\"datePublished\":\"2023-10-30T18:57:26+00:00\",\"dateModified\":\"2025-11-01T09:36:49+00:00\",\"breadcrumb\":{\"@id\":\"https:\/\/iteadjoseph.com\/heilige-ueber-den-hl-joseph\/#breadcrumb\"},\"inLanguage\":\"en-US\",\"potentialAction\":[{\"@type\":\"ReadAction\",\"target\":[\"https:\/\/iteadjoseph.com\/heilige-ueber-den-hl-joseph\/\"]}]},{\"@type\":\"ImageObject\",\"inLanguage\":\"en-US\",\"@id\":\"https:\/\/iteadjoseph.com\/heilige-ueber-den-hl-joseph\/#primaryimage\",\"url\":\"https:\/\/iteadjoseph.com\/wp-content\/uploads\/2023\/12\/Fra_Angelico_Heilige-1024x521.jpg\",\"contentUrl\":\"https:\/\/iteadjoseph.com\/wp-content\/uploads\/2023\/12\/Fra_Angelico_Heilige-1024x521.jpg\"},{\"@type\":\"BreadcrumbList\",\"@id\":\"https:\/\/iteadjoseph.com\/heilige-ueber-den-hl-joseph\/#breadcrumb\",\"itemListElement\":[{\"@type\":\"ListItem\",\"position\":1,\"name\":\"Startseite\",\"item\":\"https:\/\/iteadjoseph.com\/\"},{\"@type\":\"ListItem\",\"position\":2,\"name\":\"Heilige \u00fcber den Hl. Joseph\"}]},{\"@type\":\"WebSite\",\"@id\":\"https:\/\/iteadjoseph.com\/#website\",\"url\":\"https:\/\/iteadjoseph.com\/\",\"name\":\"Ite Ad Joseph\",\"description\":\"Eine Webseite zur Verbreitung der Verehrung des Hl. Josephs\",\"potentialAction\":[{\"@type\":\"SearchAction\",\"target\":{\"@type\":\"EntryPoint\",\"urlTemplate\":\"https:\/\/iteadjoseph.com\/?s={search_term_string}\"},\"query-input\":{\"@type\":\"PropertyValueSpecification\",\"valueRequired\":true,\"valueName\":\"search_term_string\"}}],\"inLanguage\":\"en-US\"}]}<\/script>\n<!-- \/ Yoast SEO plugin. -->","yoast_head_json":{"title":"Heilige \u00fcber den Hl. Joseph - Ite Ad Joseph","robots":{"index":"index","follow":"follow","max-snippet":"max-snippet:-1","max-image-preview":"max-image-preview:large","max-video-preview":"max-video-preview:-1"},"canonical":"https:\/\/iteadjoseph.com\/en\/heilige-ueber-den-hl-joseph\/","next":"https:\/\/iteadjoseph.com\/heilige-ueber-den-hl-joseph\/440?query-0-page=2","og_locale":"en_US","og_type":"article","og_title":"Heilige \u00fcber den Hl. Joseph - Ite Ad Joseph","og_description":"Unter den vielen Heiligen, die den hl. Joseph gelobt und seine Verehrung empfohlen haben, finden sich nicht nur die gro\u00dfen und bekannten wie die hl. Theresa von \u00c1vila. Viele andere Heilige stimmten mit ein in den gro\u00dfen Chor aller Heiligen zu Ehren des hl. Joseph. In den folgenden Beitr\u00e4gen geben wir nach und nach alle [&hellip;]","og_url":"https:\/\/iteadjoseph.com\/en\/heilige-ueber-den-hl-joseph\/","og_site_name":"Ite Ad Joseph","article_modified_time":"2025-11-01T09:36:49+00:00","og_image":[{"url":"https:\/\/iteadjoseph.com\/wp-content\/uploads\/2023\/12\/Fra_Angelico_Heilige-1024x521.jpg","type":"","width":"","height":""}],"twitter_card":"summary_large_image","schema":{"@context":"https:\/\/schema.org","@graph":[{"@type":"WebPage","@id":"https:\/\/iteadjoseph.com\/heilige-ueber-den-hl-joseph\/","url":"https:\/\/iteadjoseph.com\/heilige-ueber-den-hl-joseph\/","name":"Heilige \u00fcber den Hl. Joseph - Ite Ad Joseph","isPartOf":{"@id":"https:\/\/iteadjoseph.com\/#website"},"primaryImageOfPage":{"@id":"https:\/\/iteadjoseph.com\/heilige-ueber-den-hl-joseph\/#primaryimage"},"image":{"@id":"https:\/\/iteadjoseph.com\/heilige-ueber-den-hl-joseph\/#primaryimage"},"thumbnailUrl":"https:\/\/iteadjoseph.com\/wp-content\/uploads\/2023\/12\/Fra_Angelico_Heilige-1024x521.jpg","datePublished":"2023-10-30T18:57:26+00:00","dateModified":"2025-11-01T09:36:49+00:00","breadcrumb":{"@id":"https:\/\/iteadjoseph.com\/heilige-ueber-den-hl-joseph\/#breadcrumb"},"inLanguage":"en-US","potentialAction":[{"@type":"ReadAction","target":["https:\/\/iteadjoseph.com\/heilige-ueber-den-hl-joseph\/"]}]},{"@type":"ImageObject","inLanguage":"en-US","@id":"https:\/\/iteadjoseph.com\/heilige-ueber-den-hl-joseph\/#primaryimage","url":"https:\/\/iteadjoseph.com\/wp-content\/uploads\/2023\/12\/Fra_Angelico_Heilige-1024x521.jpg","contentUrl":"https:\/\/iteadjoseph.com\/wp-content\/uploads\/2023\/12\/Fra_Angelico_Heilige-1024x521.jpg"},{"@type":"BreadcrumbList","@id":"https:\/\/iteadjoseph.com\/heilige-ueber-den-hl-joseph\/#breadcrumb","itemListElement":[{"@type":"ListItem","position":1,"name":"Startseite","item":"https:\/\/iteadjoseph.com\/"},{"@type":"ListItem","position":2,"name":"Heilige \u00fcber den Hl. Joseph"}]},{"@type":"WebSite","@id":"https:\/\/iteadjoseph.com\/#website","url":"https:\/\/iteadjoseph.com\/","name":"Ite Ad Joseph","description":"Eine Webseite zur Verbreitung der Verehrung des Hl. Josephs","potentialAction":[{"@type":"SearchAction","target":{"@type":"EntryPoint","urlTemplate":"https:\/\/iteadjoseph.com\/?s={search_term_string}"},"query-input":{"@type":"PropertyValueSpecification","valueRequired":true,"valueName":"search_term_string"}}],"inLanguage":"en-US"}]}},"uagb_featured_image_src":{"full":false,"thumbnail":false,"medium":false,"medium_large":false,"large":false,"1536x1536":false,"2048x2048":false,"trp-custom-language-flag":false},"uagb_author_info":{"display_name":"nikolas","author_link":"https:\/\/iteadjoseph.com\/en\/author\/nikolas\/"},"uagb_comment_info":0,"uagb_excerpt":"Unter den vielen Heiligen, die den hl. Joseph gelobt und seine Verehrung empfohlen haben, finden sich nicht nur die gro\u00dfen und bekannten wie die hl. Theresa von \u00c1vila. Viele andere Heilige stimmten mit ein in den gro\u00dfen Chor aller Heiligen zu Ehren des hl. Joseph. In den folgenden Beitr\u00e4gen geben wir nach und nach alle&hellip;","_links":{"self":[{"href":"https:\/\/iteadjoseph.com\/en\/wp-json\/wp\/v2\/pages\/440","targetHints":{"allow":["GET"]}}],"collection":[{"href":"https:\/\/iteadjoseph.com\/en\/wp-json\/wp\/v2\/pages"}],"about":[{"href":"https:\/\/iteadjoseph.com\/en\/wp-json\/wp\/v2\/types\/page"}],"author":[{"embeddable":true,"href":"https:\/\/iteadjoseph.com\/en\/wp-json\/wp\/v2\/users\/2"}],"replies":[{"embeddable":true,"href":"https:\/\/iteadjoseph.com\/en\/wp-json\/wp\/v2\/comments?post=440"}],"version-history":[{"count":30,"href":"https:\/\/iteadjoseph.com\/en\/wp-json\/wp\/v2\/pages\/440\/revisions"}],"predecessor-version":[{"id":2100,"href":"https:\/\/iteadjoseph.com\/en\/wp-json\/wp\/v2\/pages\/440\/revisions\/2100"}],"wp:attachment":[{"href":"https:\/\/iteadjoseph.com\/en\/wp-json\/wp\/v2\/media?parent=440"}],"curies":[{"name":"wp","href":"https:\/\/api.w.org\/{rel}","templated":true}]}}