{"id":1486,"date":"2024-02-12T17:59:01","date_gmt":"2024-02-12T16:59:01","guid":{"rendered":"https:\/\/iteadjoseph.com\/?page_id=1486"},"modified":"2024-03-06T17:53:30","modified_gmt":"2024-03-06T16:53:30","slug":"blog","status":"publish","type":"page","link":"https:\/\/iteadjoseph.com\/en\/blog\/","title":{"rendered":"Blog"},"content":{"rendered":"<div class=\"wp-block-group alignwide has-global-padding is-layout-constrained wp-container-core-group-is-layout-fba16a3e wp-block-group-is-layout-constrained\" style=\"border-style:none;border-width:0px;border-radius:0px;margin-top:var(--wp--preset--spacing--medium);margin-bottom:var(--wp--preset--spacing--medium);padding-top:var(--wp--preset--spacing--x-large);padding-bottom:var(--wp--preset--spacing--x-large)\">\n<div class=\"wp-block-query alignwide is-layout-flow wp-block-query-is-layout-flow\"><ul class=\"alignwide wp-block-post-template is-layout-flow wp-block-post-template-is-layout-flow\"><li class=\"wp-block-post post-1626 post type-post status-publish format-standard has-post-thumbnail hentry category-blogbeitrage\">\n\n<div class=\"wp-block-columns are-vertically-aligned-top is-layout-flex wp-container-core-columns-is-layout-99eec67a wp-block-columns-is-layout-flex\" style=\"margin-bottom:var(--wp--preset--spacing--x-large)\">\n<div class=\"wp-block-column is-vertically-aligned-top is-layout-flow wp-block-column-is-layout-flow\"><figure style=\"height:400px;\" class=\"wp-block-post-featured-image\"><a href=\"https:\/\/iteadjoseph.com\/en\/was-heisst-josephsverehrung\/\" target=\"_self\"  style=\"height:400px\"><img loading=\"lazy\" decoding=\"async\" width=\"1730\" height=\"2696\" src=\"https:\/\/iteadjoseph.com\/wp-content\/uploads\/2024\/02\/Sao_Jose_com_o_Menino_Jesus_escola_italiana_sec._XVIII.png\" class=\"attachment-post-thumbnail size-post-thumbnail wp-post-image\" alt=\"Wie verehrt man den hl. Joseph?\" style=\"border-radius:8px;height:400px;object-fit:cover;\" srcset=\"https:\/\/iteadjoseph.com\/wp-content\/uploads\/2024\/02\/Sao_Jose_com_o_Menino_Jesus_escola_italiana_sec._XVIII.png 1730w, https:\/\/iteadjoseph.com\/wp-content\/uploads\/2024\/02\/Sao_Jose_com_o_Menino_Jesus_escola_italiana_sec._XVIII-193x300.png 193w, https:\/\/iteadjoseph.com\/wp-content\/uploads\/2024\/02\/Sao_Jose_com_o_Menino_Jesus_escola_italiana_sec._XVIII-657x1024.png 657w, https:\/\/iteadjoseph.com\/wp-content\/uploads\/2024\/02\/Sao_Jose_com_o_Menino_Jesus_escola_italiana_sec._XVIII-768x1197.png 768w, https:\/\/iteadjoseph.com\/wp-content\/uploads\/2024\/02\/Sao_Jose_com_o_Menino_Jesus_escola_italiana_sec._XVIII-986x1536.png 986w, https:\/\/iteadjoseph.com\/wp-content\/uploads\/2024\/02\/Sao_Jose_com_o_Menino_Jesus_escola_italiana_sec._XVIII-1314x2048.png 1314w\" sizes=\"auto, (max-width: 1730px) 100vw, 1730px\" \/><\/a><\/figure><\/div>\n\n\n\n<div class=\"wp-block-column is-vertically-aligned-top is-layout-flow wp-container-core-column-is-layout-c39a6912 wp-block-column-is-layout-flow\"><div style=\"font-style:normal;font-weight:500\" class=\"taxonomy-category is-style-swt-post-terms-pill wp-block-post-terms\"><a href=\"https:\/\/iteadjoseph.com\/en\/category\/blogbeitrage\/\" rel=\"tag\">Blogbeitr\u00e4ge<\/a><\/div>\n\n<h3 style=\"margin-top:var(--wp--preset--spacing--x-small);\" class=\"wp-block-post-title\"><a href=\"https:\/\/iteadjoseph.com\/en\/was-heisst-josephsverehrung\/\" target=\"_self\" >How to venerate Saint Joseph<\/a><\/h3>\n\n<div class=\"wp-block-post-excerpt\"><p class=\"wp-block-post-excerpt__excerpt\">\u00dcber die Stufen der Josephsverehrung und den Zweck dieser Webseite Manch ein Besucher unserer Seite mag sich wundern, warum wir in vielen Beitr\u00e4gen schreiben, dass der hl. Joseph nur wenige Verehrer hat und immer noch hinter vielen anderen Heiligen zur\u00fccksteht. Denn wenn es auch unbestreitbar ist, dass die Geschichte der Josephsverehrung erst sp\u00e4t (seit dem<\/p><p class=\"wp-block-post-excerpt__more-text\"><a class=\"wp-block-post-excerpt__more-link\" href=\"https:\/\/iteadjoseph.com\/en\/was-heisst-josephsverehrung\/\">Mehr lesen<\/a><\/p><\/div><\/div>\n<\/div>\n\n<\/li><\/ul>\n\n<\/div>\n<\/div>","protected":false},"excerpt":{"rendered":"","protected":false},"author":2,"featured_media":0,"parent":0,"menu_order":0,"comment_status":"closed","ping_status":"closed","template":"","meta":{"_uag_custom_page_level_css":"","_swt_meta_header_display":false,"_swt_meta_footer_display":false,"_swt_meta_site_title_display":false,"_swt_meta_sticky_header":false,"_swt_meta_transparent_header":false,"footnotes":""},"class_list":["post-1486","page","type-page","status-publish","hentry"],"yoast_head":"<!-- This site is optimized with the Yoast SEO plugin v26.5 - https:\/\/yoast.com\/wordpress\/plugins\/seo\/ -->\n<title>Blog - Ite Ad Joseph<\/title>\n<meta name=\"robots\" content=\"index, follow, max-snippet:-1, max-image-preview:large, max-video-preview:-1\" \/>\n<link rel=\"canonical\" href=\"https:\/\/iteadjoseph.com\/en\/blog\/\" \/>\n<meta property=\"og:locale\" content=\"en_US\" \/>\n<meta property=\"og:type\" content=\"article\" \/>\n<meta property=\"og:title\" content=\"Blog - Ite Ad Joseph\" \/>\n<meta property=\"og:url\" content=\"https:\/\/iteadjoseph.com\/en\/blog\/\" \/>\n<meta property=\"og:site_name\" content=\"Ite Ad Joseph\" \/>\n<meta property=\"article:modified_time\" content=\"2024-03-06T16:53:30+00:00\" \/>\n<meta name=\"twitter:card\" content=\"summary_large_image\" \/>\n<script type=\"application\/ld+json\" class=\"yoast-schema-graph\">{\"@context\":\"https:\/\/schema.org\",\"@graph\":[{\"@type\":\"WebPage\",\"@id\":\"https:\/\/iteadjoseph.com\/blog\/\",\"url\":\"https:\/\/iteadjoseph.com\/blog\/\",\"name\":\"Blog - Ite Ad Joseph\",\"isPartOf\":{\"@id\":\"https:\/\/iteadjoseph.com\/#website\"},\"datePublished\":\"2024-02-12T16:59:01+00:00\",\"dateModified\":\"2024-03-06T16:53:30+00:00\",\"breadcrumb\":{\"@id\":\"https:\/\/iteadjoseph.com\/blog\/#breadcrumb\"},\"inLanguage\":\"en-US\",\"potentialAction\":[{\"@type\":\"ReadAction\",\"target\":[\"https:\/\/iteadjoseph.com\/blog\/\"]}]},{\"@type\":\"BreadcrumbList\",\"@id\":\"https:\/\/iteadjoseph.com\/blog\/#breadcrumb\",\"itemListElement\":[{\"@type\":\"ListItem\",\"position\":1,\"name\":\"Startseite\",\"item\":\"https:\/\/iteadjoseph.com\/\"},{\"@type\":\"ListItem\",\"position\":2,\"name\":\"Blog\"}]},{\"@type\":\"WebSite\",\"@id\":\"https:\/\/iteadjoseph.com\/#website\",\"url\":\"https:\/\/iteadjoseph.com\/\",\"name\":\"Ite Ad Joseph\",\"description\":\"Eine Webseite zur Verbreitung der Verehrung des Hl. Josephs\",\"potentialAction\":[{\"@type\":\"SearchAction\",\"target\":{\"@type\":\"EntryPoint\",\"urlTemplate\":\"https:\/\/iteadjoseph.com\/?s={search_term_string}\"},\"query-input\":{\"@type\":\"PropertyValueSpecification\",\"valueRequired\":true,\"valueName\":\"search_term_string\"}}],\"inLanguage\":\"en-US\"}]}<\/script>\n<!-- \/ Yoast SEO plugin. -->","yoast_head_json":{"title":"Blog - Ite Ad Joseph","robots":{"index":"index","follow":"follow","max-snippet":"max-snippet:-1","max-image-preview":"max-image-preview:large","max-video-preview":"max-video-preview:-1"},"canonical":"https:\/\/iteadjoseph.com\/en\/blog\/","og_locale":"en_US","og_type":"article","og_title":"Blog - Ite Ad Joseph","og_url":"https:\/\/iteadjoseph.com\/en\/blog\/","og_site_name":"Ite Ad Joseph","article_modified_time":"2024-03-06T16:53:30+00:00","twitter_card":"summary_large_image","schema":{"@context":"https:\/\/schema.org","@graph":[{"@type":"WebPage","@id":"https:\/\/iteadjoseph.com\/blog\/","url":"https:\/\/iteadjoseph.com\/blog\/","name":"Blog - Ite Ad Joseph","isPartOf":{"@id":"https:\/\/iteadjoseph.com\/#website"},"datePublished":"2024-02-12T16:59:01+00:00","dateModified":"2024-03-06T16:53:30+00:00","breadcrumb":{"@id":"https:\/\/iteadjoseph.com\/blog\/#breadcrumb"},"inLanguage":"en-US","potentialAction":[{"@type":"ReadAction","target":["https:\/\/iteadjoseph.com\/blog\/"]}]},{"@type":"BreadcrumbList","@id":"https:\/\/iteadjoseph.com\/blog\/#breadcrumb","itemListElement":[{"@type":"ListItem","position":1,"name":"Startseite","item":"https:\/\/iteadjoseph.com\/"},{"@type":"ListItem","position":2,"name":"Blog"}]},{"@type":"WebSite","@id":"https:\/\/iteadjoseph.com\/#website","url":"https:\/\/iteadjoseph.com\/","name":"Ite Ad Joseph","description":"Eine Webseite zur Verbreitung der Verehrung des Hl. Josephs","potentialAction":[{"@type":"SearchAction","target":{"@type":"EntryPoint","urlTemplate":"https:\/\/iteadjoseph.com\/?s={search_term_string}"},"query-input":{"@type":"PropertyValueSpecification","valueRequired":true,"valueName":"search_term_string"}}],"inLanguage":"en-US"}]}},"uagb_featured_image_src":{"full":false,"thumbnail":false,"medium":false,"medium_large":false,"large":false,"1536x1536":false,"2048x2048":false,"trp-custom-language-flag":false},"uagb_author_info":{"display_name":"nikolas","author_link":"https:\/\/iteadjoseph.com\/en\/author\/nikolas\/"},"uagb_comment_info":0,"uagb_excerpt":null,"_links":{"self":[{"href":"https:\/\/iteadjoseph.com\/en\/wp-json\/wp\/v2\/pages\/1486","targetHints":{"allow":["GET"]}}],"collection":[{"href":"https:\/\/iteadjoseph.com\/en\/wp-json\/wp\/v2\/pages"}],"about":[{"href":"https:\/\/iteadjoseph.com\/en\/wp-json\/wp\/v2\/types\/page"}],"author":[{"embeddable":true,"href":"https:\/\/iteadjoseph.com\/en\/wp-json\/wp\/v2\/users\/2"}],"replies":[{"embeddable":true,"href":"https:\/\/iteadjoseph.com\/en\/wp-json\/wp\/v2\/comments?post=1486"}],"version-history":[{"count":24,"href":"https:\/\/iteadjoseph.com\/en\/wp-json\/wp\/v2\/pages\/1486\/revisions"}],"predecessor-version":[{"id":1773,"href":"https:\/\/iteadjoseph.com\/en\/wp-json\/wp\/v2\/pages\/1486\/revisions\/1773"}],"wp:attachment":[{"href":"https:\/\/iteadjoseph.com\/en\/wp-json\/wp\/v2\/media?parent=1486"}],"curies":[{"name":"wp","href":"https:\/\/api.w.org\/{rel}","templated":true}]}}